{"id":190,"date":"2020-02-22T22:03:08","date_gmt":"2020-02-22T21:03:08","guid":{"rendered":"http:\/\/test.oscour.fr\/?page_id=190"},"modified":"2021-01-16T19:06:28","modified_gmt":"2021-01-16T18:06:28","slug":"nos-partenaires","status":"publish","type":"page","link":"https:\/\/www.hopital-stpons.com\/index.php\/nos-partenaires\/","title":{"rendered":"Nos partenaires"},"content":{"rendered":"\n<p>Le <strong>Centre Hospitalier de Saint Pons de Thomi\u00e8res<\/strong> fait parti du <strong>GHT<\/strong> (Groupements Hospitaliers de territoire) <strong>c\u0153ur d&rsquo;Occitanie<\/strong> au m\u00eame titre que <strong>l&rsquo;Hopital du Pays d&rsquo;Autan &#8211; Castres Mazamet<\/strong>,<strong> le Centre Hospitalier d&rsquo;Albi<\/strong>, <strong>le Centre Hospitalier de Gaillac<\/strong> et <strong>Le Centre Hospitalier de Revel<\/strong>.<\/p>\n\n\n\n<p>Ce groupement permet <strong>la mutualisation des moyens<\/strong> entre les \u00e9tablissements de sant\u00e9 de notre territoire afin d&rsquo;offrir \u00e0 toute la population <strong>un acc\u00e8s au soins \u00e9galitaire, s\u00e9curis\u00e9e et de qualit\u00e9<\/strong>. Cela passe notamment par la mise en place pour chaque patient <strong>d&rsquo;un suivi progressif et d&rsquo;une prise en charge commune<\/strong> r\u00e9pondant au mieux \u00e0 ses besoins et ses attentes.<\/p>\n\n\n\n<div class=\"wp-block-columns is-layout-flex wp-container-core-columns-is-layout-9d6595d7 wp-block-columns-is-layout-flex\">\n<div class=\"wp-block-column is-layout-flow wp-block-column-is-layout-flow\">\n<div style=\"background-color:#f2f2f2;color:#32373c\" class=\"wp-block-genesis-blocks-gb-profile-box square gb-has-avatar gb-font-size-18 gb-block-profile gb-profile-columns\"><div class=\"gb-profile-column gb-profile-avatar-wrap\"><div class=\"gb-profile-image-wrap\"><figure class=\"gb-profile-image-square\"><img loading=\"lazy\" decoding=\"async\" width=\"118\" height=\"96\" class=\"gb-profile-avatar wp-image-790\" src=\"https:\/\/www.hopital-stpons.com\/wp-content\/uploads\/2020\/07\/logogaillac.png\" alt=\"\"\/><\/figure><\/div><\/div><div class=\"gb-profile-column gb-profile-content-wrap\"><h2 class=\"gb-profile-name\" style=\"color:#32373c\"><a href=\"https:\/\/www.ch-gaillac.com\/\">Centre Hospitalier de Gaillac<\/a><\/h2><p class=\"gb-profile-title\" style=\"color:#32373c\">05 63 42 50 50<\/p><div class=\"gb-profile-text\"><\/div><ul class=\"gb-social-links\"><\/ul><\/div><\/div>\n\n\n\n<div style=\"background-color:#f2f2f2;color:#32373c\" class=\"wp-block-genesis-blocks-gb-profile-box square gb-has-avatar gb-font-size-18 gb-block-profile gb-profile-columns\"><div class=\"gb-profile-column gb-profile-avatar-wrap\"><div class=\"gb-profile-image-wrap\"><figure class=\"gb-profile-image-square\"><img loading=\"lazy\" decoding=\"async\" width=\"87\" height=\"90\" class=\"gb-profile-avatar wp-image-792\" src=\"https:\/\/www.hopital-stpons.com\/wp-content\/uploads\/2020\/07\/logoCHIC.png\" alt=\"\"\/><\/figure><\/div><\/div><div class=\"gb-profile-column gb-profile-content-wrap\"><h2 class=\"gb-profile-name\" style=\"color:#32373c\"><a href=\"http:\/\/www.chic-cm.fr\/\">Hopital du Pays d&rsquo;Autan &#8211; Castres Mazamet<\/a><\/h2><p class=\"gb-profile-title\" style=\"color:#32373c\">05 63 71 63 71<\/p><div class=\"gb-profile-text\"><\/div><ul class=\"gb-social-links\"><\/ul><\/div><\/div>\n<\/div>\n\n\n\n<div class=\"wp-block-column is-layout-flow wp-block-column-is-layout-flow\">\n<div style=\"background-color:#f2f2f2;color:#32373c\" class=\"wp-block-genesis-blocks-gb-profile-box square gb-has-avatar gb-font-size-18 gb-block-profile gb-profile-columns\"><div class=\"gb-profile-column gb-profile-avatar-wrap\"><div class=\"gb-profile-image-wrap\"><figure class=\"gb-profile-image-square\"><img loading=\"lazy\" decoding=\"async\" width=\"389\" height=\"452\" class=\"gb-profile-avatar wp-image-788\" src=\"https:\/\/www.hopital-stpons.com\/wp-content\/uploads\/2020\/07\/logo_ravel.png\" alt=\"\" srcset=\"https:\/\/www.hopital-stpons.com\/wp-content\/uploads\/2020\/07\/logo_ravel.png 389w, https:\/\/www.hopital-stpons.com\/wp-content\/uploads\/2020\/07\/logo_ravel-258x300.png 258w\" sizes=\"auto, (max-width: 389px) 100vw, 389px\" \/><\/figure><\/div><\/div><div class=\"gb-profile-column gb-profile-content-wrap\"><h2 class=\"gb-profile-name\" style=\"color:#32373c\"><a href=\"http:\/\/www.hopital-revel.com\/\">Centre Hospitalier de Revel<\/a><\/h2><p class=\"gb-profile-title\" style=\"color:#32373c\">05 62 18 76 76<\/p><div class=\"gb-profile-text\"><\/div><ul class=\"gb-social-links\"><\/ul><\/div><\/div>\n\n\n\n<div style=\"background-color:#f2f2f2;color:#32373c\" class=\"wp-block-genesis-blocks-gb-profile-box square gb-has-avatar gb-font-size-18 gb-block-profile gb-profile-columns\"><div class=\"gb-profile-column gb-profile-avatar-wrap\"><div class=\"gb-profile-image-wrap\"><figure class=\"gb-profile-image-square\"><img loading=\"lazy\" decoding=\"async\" width=\"280\" height=\"134\" class=\"gb-profile-avatar wp-image-791\" src=\"https:\/\/www.hopital-stpons.com\/wp-content\/uploads\/2020\/07\/accueil_004.jpg\" alt=\"\"\/><\/figure><\/div><\/div><div class=\"gb-profile-column gb-profile-content-wrap\"><h2 class=\"gb-profile-name\" style=\"color:#32373c\"><a href=\"http:\/\/www.ch-albi.fr\/\">Centre Hospitalier d&rsquo;Albi<\/a><\/h2><p class=\"gb-profile-title\" style=\"color:#32373c\">05 63 47 47 47<\/p><div class=\"gb-profile-text\"><\/div><ul class=\"gb-social-links\"><\/ul><\/div><\/div>\n<\/div>\n<\/div>\n","protected":false},"excerpt":{"rendered":"<p>Le Centre Hospitalier de Saint Pons de Thomi\u00e8res fait parti du GHT (Groupements Hospitaliers de territoire) c\u0153ur d&rsquo;Occitanie au m\u00eame &hellip; <\/p>\n","protected":false},"author":1,"featured_media":0,"parent":0,"menu_order":0,"comment_status":"closed","ping_status":"closed","template":"","meta":{"footnotes":""},"class_list":["post-190","page","type-page","status-publish","hentry"],"featured_image_src":null,"featured_image_src_square":null,"_links":{"self":[{"href":"https:\/\/www.hopital-stpons.com\/index.php\/wp-json\/wp\/v2\/pages\/190","targetHints":{"allow":["GET"]}}],"collection":[{"href":"https:\/\/www.hopital-stpons.com\/index.php\/wp-json\/wp\/v2\/pages"}],"about":[{"href":"https:\/\/www.hopital-stpons.com\/index.php\/wp-json\/wp\/v2\/types\/page"}],"author":[{"embeddable":true,"href":"https:\/\/www.hopital-stpons.com\/index.php\/wp-json\/wp\/v2\/users\/1"}],"replies":[{"embeddable":true,"href":"https:\/\/www.hopital-stpons.com\/index.php\/wp-json\/wp\/v2\/comments?post=190"}],"version-history":[{"count":7,"href":"https:\/\/www.hopital-stpons.com\/index.php\/wp-json\/wp\/v2\/pages\/190\/revisions"}],"predecessor-version":[{"id":971,"href":"https:\/\/www.hopital-stpons.com\/index.php\/wp-json\/wp\/v2\/pages\/190\/revisions\/971"}],"wp:attachment":[{"href":"https:\/\/www.hopital-stpons.com\/index.php\/wp-json\/wp\/v2\/media?parent=190"}],"curies":[{"name":"wp","href":"https:\/\/api.w.org\/{rel}","templated":true}]}}