{"id":192,"date":"2020-02-22T22:03:29","date_gmt":"2020-02-22T21:03:29","guid":{"rendered":"http:\/\/test.oscour.fr\/?page_id=192"},"modified":"2025-12-04T22:30:10","modified_gmt":"2025-12-04T21:30:10","slug":"le-ssr-polyvalent","status":"publish","type":"page","link":"https:\/\/www.hopital-stpons.com\/index.php\/le-ssr-polyvalent\/","title":{"rendered":"Le SMR polyvalent"},"content":{"rendered":"\n<p>M\u00e9decin r\u00e9f\u00e9rent : <strong>Dr. Nourreddine BENMERZOUKA<\/strong>, m\u00e9decin physique et r\u00e9adaptateur, g\u00e9rontologue.<\/p>\n\n\n\n<p>Le service de soins m\u00e9dicaux et de r\u00e9adaptation (SMR) polyvalent accueille tout type de patients adultes au terme d\u2019un s\u00e9jour hospitalier, avec pour principale mission de restaurer leur autonomie. L&rsquo;objectif final est le retour au domicile ou l&rsquo;orientation dans un lieu de vie.<\/p>\n\n\n\n<p>Le SMR est au c\u0153ur de la fili\u00e8re de soins, positionn\u00e9 entre les soins de courte dur\u00e9e (l&rsquo;h\u00f4pital par exemple) et le retour \u00e0 domicile ou l&rsquo;entr\u00e9e en h\u00e9bergement dans le secteur m\u00e9dico-social (\u00e9tablissement pour personnes \u00e2g\u00e9es ou personnes handicap\u00e9es par exemple).<\/p>\n\n\n<p>Il se caract\u00e9rise par la n\u00e9cessit\u00e9 de soins et de surveillance m\u00e9dicale pendant une p\u00e9riode limit\u00e9e, sur la base d\u2019un projet individualis\u00e9 \u00e9tabli \u00e0 partir d\u2019un bilan global m\u00e9dico-social, visant \u00e0&nbsp;:<\/p>\n<ul>\n<li>la limitation ou la r\u00e9duction des handicaps physiques et sensoriels la restauration somatique et psychologique ;<\/li>\n<li>la poursuite et le suivi des soins et du traitement ;<\/li>\n<li>la pr\u00e9paration de la sortie et la r\u00e9insertion.<\/li>\n<\/ul>\n<p>Pour les patients \u00e2g\u00e9s, la prise en charge s\u2019articule selon les d\u00e9ficits et les besoins autour de plusieurs types de r\u00e9adaptation :<\/p>\n<ul>\n<li>la r\u00e9adaptation fonctionnelle (orthop\u00e9dique ou neurologique) qui intervient sur la mobilit\u00e9 corporelle ;<\/li>\n<li>la r\u00e9adaptation aux gestes de la vie quotidienne ;<\/li>\n<li>la r\u00e9adaptation sociale, avec la restitution de la confiance en soi, la restauration des rythmes de vie, et la recherche d\u2019une meilleure adaptation au milieu de vie.<\/li>\n<\/ul>\n\n\n<p>Une <strong>\u00e9quipe pluridisciplinaire<\/strong> vous accompagnera durant votre s\u00e9jour.<\/p>\n\n\n\n<p>&nbsp;Elle comprend&nbsp;:<\/p>\n\n\n\n<p>L&rsquo;admission est organis\u00e9e apr\u00e8s r\u00e9ception du dossier de demande d&rsquo;admission adress\u00e9 sur la plateforme<strong> ViaTrajectoire<\/strong> par le m\u00e9decin prescripteur.<\/p>\n\n\n\n<div style=\"color:#32373c;background-color:#00d1b2\" class=\"wp-block-genesis-blocks-gb-notice gb-font-size-18 gb-block-notice\" data-id=\"dd5ccc\"><div class=\"gb-notice-title\" style=\"color:#fff\"><p><strong>Documents utiles \u00e0 t\u00e9l\u00e9charger<\/strong><\/p><\/div><div class=\"gb-notice-text\" style=\"border-color:#00d1b2\"><p><a href=\"https:\/\/www.hopital-stpons.com\/wp-content\/uploads\/2022\/11\/Livret_accueil-v2022.pdf\" data-type=\"URL\" data-id=\"https:\/\/www.hopital-stpons.com\/wp-content\/uploads\/2022\/11\/Livret_accueil-v2022.pdf\">Livret d\u2019accueil du service de m\u00e9decine \/ SSR<\/a><\/p><p><a href=\"https:\/\/www.hopital-stpons.com\/wp-content\/uploads\/2020\/07\/Charte.pdf\">Charte des droits du patient hospitalis\u00e9<\/a><\/p><\/div><\/div>\n\n\n\n<p><\/p>\n\n\n<div class=\"wp-block-image\">\n<figure class=\"aligncenter size-large\"><img loading=\"lazy\" decoding=\"async\" width=\"581\" height=\"1024\" src=\"https:\/\/www.hopital-stpons.com\/wp-content\/uploads\/2022\/11\/satisfaction_SSRP_30-06-2022-581x1024.jpg\" alt=\"\" class=\"wp-image-1198\" srcset=\"https:\/\/www.hopital-stpons.com\/wp-content\/uploads\/2022\/11\/satisfaction_SSRP_30-06-2022-581x1024.jpg 581w, https:\/\/www.hopital-stpons.com\/wp-content\/uploads\/2022\/11\/satisfaction_SSRP_30-06-2022-170x300.jpg 170w, https:\/\/www.hopital-stpons.com\/wp-content\/uploads\/2022\/11\/satisfaction_SSRP_30-06-2022.jpg 620w\" sizes=\"auto, (max-width: 581px) 100vw, 581px\" \/><\/figure>\n<\/div>","protected":false},"excerpt":{"rendered":"<p>M\u00e9decin r\u00e9f\u00e9rent : Dr. Nourreddine BENMERZOUKA, m\u00e9decin physique et r\u00e9adaptateur, g\u00e9rontologue. Le service de soins m\u00e9dicaux et de r\u00e9adaptation (SMR) &hellip; <\/p>\n","protected":false},"author":1,"featured_media":1702,"parent":0,"menu_order":0,"comment_status":"closed","ping_status":"closed","template":"","meta":{"footnotes":""},"class_list":["post-192","page","type-page","status-publish","has-post-thumbnail","hentry"],"featured_image_src":"https:\/\/www.hopital-stpons.com\/wp-content\/uploads\/2025\/03\/HDC_2934r-600x400.jpg","featured_image_src_square":"https:\/\/www.hopital-stpons.com\/wp-content\/uploads\/2025\/03\/HDC_2934r-600x600.jpg","_links":{"self":[{"href":"https:\/\/www.hopital-stpons.com\/index.php\/wp-json\/wp\/v2\/pages\/192","targetHints":{"allow":["GET"]}}],"collection":[{"href":"https:\/\/www.hopital-stpons.com\/index.php\/wp-json\/wp\/v2\/pages"}],"about":[{"href":"https:\/\/www.hopital-stpons.com\/index.php\/wp-json\/wp\/v2\/types\/page"}],"author":[{"embeddable":true,"href":"https:\/\/www.hopital-stpons.com\/index.php\/wp-json\/wp\/v2\/users\/1"}],"replies":[{"embeddable":true,"href":"https:\/\/www.hopital-stpons.com\/index.php\/wp-json\/wp\/v2\/comments?post=192"}],"version-history":[{"count":15,"href":"https:\/\/www.hopital-stpons.com\/index.php\/wp-json\/wp\/v2\/pages\/192\/revisions"}],"predecessor-version":[{"id":2092,"href":"https:\/\/www.hopital-stpons.com\/index.php\/wp-json\/wp\/v2\/pages\/192\/revisions\/2092"}],"wp:featuredmedia":[{"embeddable":true,"href":"https:\/\/www.hopital-stpons.com\/index.php\/wp-json\/wp\/v2\/media\/1702"}],"wp:attachment":[{"href":"https:\/\/www.hopital-stpons.com\/index.php\/wp-json\/wp\/v2\/media?parent=192"}],"curies":[{"name":"wp","href":"https:\/\/api.w.org\/{rel}","templated":true}]}}