{"id":194,"date":"2020-02-22T22:03:52","date_gmt":"2020-02-22T21:03:52","guid":{"rendered":"http:\/\/test.oscour.fr\/?page_id=194"},"modified":"2025-11-23T01:32:31","modified_gmt":"2025-11-23T00:32:31","slug":"le-ssr-addictologie","status":"publish","type":"page","link":"https:\/\/www.hopital-stpons.com\/index.php\/le-ssr-addictologie\/","title":{"rendered":"Le service de soins m\u00e9dicaux et de r\u00e9adaptation (SMRA)"},"content":{"rendered":"<div class=\"wp-block-image is-style-default\">\n<figure class=\"aligncenter size-large\"><img decoding=\"async\" src=\"https:\/\/www.hopital-stpons.com\/wp-content\/uploads\/2020\/02\/St-Pons-alco_DSC6600.jpg\" alt=\"\" class=\"wp-image-254\"\/><\/figure>\n<\/div>\n\n\n<div style=\"background-color:#f2f2f2;color:#32373c\" class=\"wp-block-genesis-blocks-gb-profile-box left round gb-has-avatar gb-font-size-18 gb-block-profile gb-profile-columns\"><div class=\"gb-profile-column gb-profile-avatar-wrap\"><div class=\"gb-profile-image-wrap\"><figure class=\"gb-profile-image-square\"><img loading=\"lazy\" decoding=\"async\" width=\"800\" height=\"532\" class=\"gb-profile-avatar wp-image-87\" src=\"https:\/\/www.hopital-stpons.com\/wp-content\/uploads\/2018\/08\/St-Pons-alco_DSC6600.jpg\" alt=\"\" srcset=\"https:\/\/www.hopital-stpons.com\/wp-content\/uploads\/2018\/08\/St-Pons-alco_DSC6600.jpg 800w, https:\/\/www.hopital-stpons.com\/wp-content\/uploads\/2018\/08\/St-Pons-alco_DSC6600-300x200.jpg 300w, https:\/\/www.hopital-stpons.com\/wp-content\/uploads\/2018\/08\/St-Pons-alco_DSC6600-768x511.jpg 768w\" sizes=\"auto, (max-width: 800px) 100vw, 800px\" \/><\/figure><\/div><\/div><div class=\"gb-profile-column gb-profile-content-wrap\"><h2 class=\"gb-profile-name\" style=\"color:#32373c\"><a href=\"https:\/\/www.hopital-stpons.com\/index.php\/le-ssr-addictologie\/\">SMR Addictologie \/ Centre Sp\u00e9cialis\u00e9 du Haut Languedoc<\/a><\/h2><p class=\"gb-profile-title\" style=\"color:#32373c\"><\/p><div class=\"gb-profile-text\"><strong>T\u00e9l\u00e9phone : <\/strong>04 67 97 43 00<br><strong>Fax : <\/strong>04 67 97 33 75<br><strong>Mail : <\/strong><a href=\"mailto:cshl@hopital-stpons.com\">cshl@hopital-stpons.com<\/a><br><br><strong>Adresse : <\/strong><br>22 avenue de la Gare<br>34220 Saint-Pons-de-Thomi\u00e8res<\/div><ul class=\"gb-social-links\"><\/ul><\/div><\/div>\n\n\n\n<p><strong>Dur\u00e9e d&rsquo;hospitalisation: Contrat de soins de 4 semaines.<\/strong><\/p>\n\n\n\n<p><strong>Le Centre Sp\u00e9cialis\u00e9 du Haut Languedoc (CSHL)<\/strong> est un service du Centre Hospitalier de Saint-Pons-de-Thomi\u00e8res, sp\u00e9cialis\u00e9 dans la <strong>r\u00e9adaptation de patients souffrant d\u2019une addiction \u00e0 l\u2019alcool<\/strong> associ\u00e9e ou non \u00e0 d\u2019<strong>autres addictions<\/strong>.<\/p>\n\n\n\n<p>La demande d&rsquo;hospitalisation peut \u00eatre adress\u00e9e selon deux modalit\u00e9s:<\/p>\n\n\n\n<ul class=\"wp-block-list\">\n<li>Par la plateforme en ligne VIA TRAJECTOIRE;<\/li>\n\n\n\n<li>Par l&rsquo;envoi d&rsquo;un dossier \u00e0 remplir t\u00e9l\u00e9chargeable sur ce site (voir en bas de page).<\/li>\n<\/ul>\n\n\n\n<p><strong>L\u2019hospitalisation<\/strong> est organis\u00e9e sur prescription m\u00e9dicale et validation de la demande  par la commission des admissions. Elle concerne les <strong>patient(e)s abstinent(e)s<\/strong>, ayant b\u00e9n\u00e9fici\u00e9 d&rsquo;une aide pour l&rsquo;arr\u00eat de la consommation<strong> d\u2019alcool et des autres substances psychoactives illicites<\/strong>, dont l&rsquo;\u00e9tat somatique et psychologique est stabilis\u00e9, et disposant d&rsquo;un logement stable ou d&rsquo;un lieu d&rsquo;h\u00e9bergement identifi\u00e9.<\/p>\n\n\n\n<p>Le s\u00e9jour en soins de suite est une \u00e9tape dans la <strong>d\u00e9marche de soins<\/strong>,  succ\u00e9dant \u00e0 l&rsquo;arr\u00eat de consommation et ouvrant la voie \u00e0 l\u2019\u00e9tape <strong>d\u2019apprentissage de l\u2019abstinence<\/strong>. Cet apprentissage se poursuit apr\u00e8s le retour au domicile d&rsquo; o\u00f9 l&rsquo;importance de <strong>l\u2019accompagnement de proximit\u00e9<\/strong> dont la pr\u00e9paration est un objectif majeur dans notre programme de soins. <\/p>\n\n\n\n<p><strong>Le programme th\u00e9rapeutique<\/strong> est pilot\u00e9 par une <strong>\u00e9quipe pluridisciplinaire<\/strong> et offre la possibilit\u00e9 de partager son exp\u00e9rience et de progresser dans la r\u00e9flexion et le d\u00e9veloppement des comp\u00e9tences utiles pour le changement. <\/p>\n\n\n\n<p>Les soins se d\u00e9roulent en individuel et en groupe:<\/p>\n\n\n<ul>\n<li>Ateliers d&rsquo;\u00e9ducation th\u00e9rapeutique du patient (renforcement de l&rsquo;abstinence et anticipation des obstacles)<\/li>\n<li>Atelier TABAC (aide pour l&rsquo;arr\u00eat ou la r\u00e9duction de la consommation de tabac)<\/li>\n<li>Psychoth\u00e9rapie analytique<\/li>\n<li>Psychoth\u00e9rapie cognitive et comportementale (Pratiques de Pleine Pr\u00e9sence; th\u00e9rapie d\u2019Acceptation et d\u2019Engagement ACT)<\/li>\n<li>Activit\u00e9 Physique Adapt\u00e9e<\/li>\n<li>Di\u00e9t\u00e9tique<\/li>\n<li>Relaxation<\/li>\n<li>Stimulation Cognitive et Motrice<\/li>\n<li>Ergoth\u00e9rapie<\/li>\n<li>Accompagnement social<\/li>\n<li>Loisirs (salle d&rsquo;activit\u00e9 physique avec appareils; jeux de soci\u00e9t\u00e9; jardinage; p\u00e9tanque; atelier hebdomadaire musical ludique)<\/li>\n<\/ul>\n<p>Equipe Soignante:<\/p>\n<ul>\n<li>Secr\u00e9taire m\u00e9dicale<\/li>\n<li>Cadre infirmier<\/li>\n<li>Infirmiers<\/li>\n<li>Aides-soignants et agents des services hospitaliers<\/li>\n<li>Assistant socio-\u00e9ducatif<\/li>\n<li>Conseill\u00e8re en \u00e9conomie sociale et familiale<\/li>\n<li>Enseignant en Activit\u00e9 Physique Adapt\u00e9e<\/li>\n<li>Di\u00e9t\u00e9ticienne<\/li>\n<li>Psychologues cliniciens<\/li>\n<li>Psychoth\u00e9rapeute m\u00e9decin TCC et th\u00e9rapie ACT<\/li>\n<li>M\u00e9decins sp\u00e9cialis\u00e9s en addictologie<\/li>\n<\/ul>\n\n\n<div style=\"color:#32373c;background-color:#22d25f\" class=\"wp-block-genesis-blocks-gb-notice gb-font-size-18 gb-block-notice\" data-id=\"234f74\"><div class=\"gb-notice-title\" style=\"color:#fff\"><p>Documents utiles \u00e0 t\u00e9l\u00e9charger<\/p><\/div><div class=\"gb-notice-text\" style=\"border-color:#22d25f\"><p><a href=\"https:\/\/www.hopital-stpons.com\/wp-content\/uploads\/2020\/07\/Plaquette-CSAHL.14.pdf\">Plaquette d&rsquo;information du Centre sp\u00e9cialis\u00e9<\/a><\/p><p><a href=\"https:\/\/www.hopital-stpons.com\/wp-content\/uploads\/2020\/07\/livret_accueil_ssr_a.pdf\">Livret d\u2019accueil du CSHL<\/a><\/p><p><a href=\"https:\/\/www.hopital-stpons.com\/wp-content\/uploads\/2020\/07\/informations_pratiques_ssra.pdf\">Informations pratiques \u00e0 regarder avant votre admission<\/a><\/p><p><a href=\"https:\/\/www.hopital-stpons.com\/wp-content\/uploads\/2020\/07\/dossier_demande_admission_ssra_.pdf\">Dossier de demande d&rsquo;admission<\/a><\/p><\/div><\/div>\n\n\n\n<p class=\"has-text-align-center\"><strong>Information Importante: Dans le contexte actuel COVID-19 les visites des proches sont suspendues<\/strong><\/p>\n\n\n<div class=\"wp-block-image\">\n<figure class=\"aligncenter size-large\"><img loading=\"lazy\" decoding=\"async\" width=\"571\" height=\"1024\" src=\"https:\/\/www.hopital-stpons.com\/wp-content\/uploads\/2022\/11\/satisfaction_SSRA_30-06-2022-571x1024.jpg\" alt=\"\" class=\"wp-image-1197\" srcset=\"https:\/\/www.hopital-stpons.com\/wp-content\/uploads\/2022\/11\/satisfaction_SSRA_30-06-2022-571x1024.jpg 571w, https:\/\/www.hopital-stpons.com\/wp-content\/uploads\/2022\/11\/satisfaction_SSRA_30-06-2022-167x300.jpg 167w, https:\/\/www.hopital-stpons.com\/wp-content\/uploads\/2022\/11\/satisfaction_SSRA_30-06-2022.jpg 616w\" sizes=\"auto, (max-width: 571px) 100vw, 571px\" \/><\/figure>\n<\/div>","protected":false},"excerpt":{"rendered":"<p>Dur\u00e9e d&rsquo;hospitalisation: Contrat de soins de 4 semaines. Le Centre Sp\u00e9cialis\u00e9 du Haut Languedoc (CSHL) est un service du Centre &hellip; <\/p>\n","protected":false},"author":1,"featured_media":0,"parent":0,"menu_order":0,"comment_status":"closed","ping_status":"closed","template":"","meta":{"footnotes":""},"class_list":["post-194","page","type-page","status-publish","hentry"],"featured_image_src":null,"featured_image_src_square":null,"_links":{"self":[{"href":"https:\/\/www.hopital-stpons.com\/index.php\/wp-json\/wp\/v2\/pages\/194","targetHints":{"allow":["GET"]}}],"collection":[{"href":"https:\/\/www.hopital-stpons.com\/index.php\/wp-json\/wp\/v2\/pages"}],"about":[{"href":"https:\/\/www.hopital-stpons.com\/index.php\/wp-json\/wp\/v2\/types\/page"}],"author":[{"embeddable":true,"href":"https:\/\/www.hopital-stpons.com\/index.php\/wp-json\/wp\/v2\/users\/1"}],"replies":[{"embeddable":true,"href":"https:\/\/www.hopital-stpons.com\/index.php\/wp-json\/wp\/v2\/comments?post=194"}],"version-history":[{"count":28,"href":"https:\/\/www.hopital-stpons.com\/index.php\/wp-json\/wp\/v2\/pages\/194\/revisions"}],"predecessor-version":[{"id":2083,"href":"https:\/\/www.hopital-stpons.com\/index.php\/wp-json\/wp\/v2\/pages\/194\/revisions\/2083"}],"wp:attachment":[{"href":"https:\/\/www.hopital-stpons.com\/index.php\/wp-json\/wp\/v2\/media?parent=194"}],"curies":[{"name":"wp","href":"https:\/\/api.w.org\/{rel}","templated":true}]}}