{"id":230,"date":"2020-02-22T22:11:53","date_gmt":"2020-02-22T21:11:53","guid":{"rendered":"http:\/\/test.oscour.fr\/?page_id=230"},"modified":"2025-11-23T00:13:50","modified_gmt":"2025-11-22T23:13:50","slug":"venir-au-centre-hospitalier","status":"publish","type":"page","link":"https:\/\/www.hopital-stpons.com\/index.php\/venir-au-centre-hospitalier\/","title":{"rendered":"Venir dans nos \u00e9tablissements"},"content":{"rendered":"\n<h2 class=\"wp-block-heading\">Venir au Centre Hospitalier de Saint Pons de Thomi\u00e8res<\/h2>\n\n\n\n<iframe loading=\"lazy\" src=\"https:\/\/www.google.com\/maps\/embed?pb=!1m18!1m12!1m3!1d2894.561422063046!2d2.7518371157226436!3d43.490622370945815!2m3!1f0!2f0!3f0!3m2!1i1024!2i768!4f13.1!3m3!1m2!1s0x12b1eb1dd199c8c5%3A0xe96ae1eaa3779eea!2sCentre%20Hospitalier%20de%20Saint-Pons-de-Thomi%C3%A8res!5e0!3m2!1sfr!2sfr!4v1595319472888!5m2!1sfr!2sfr\" style=\"border:0;\" allowfullscreen=\"\" aria-hidden=\"false\" tabindex=\"0\" width=\"800\" height=\"600\" frameborder=\"0\"><\/iframe>\n\n\n<p><strong>Depuis Castres et Mazamet :<\/strong><\/p>\n<ul>\n<li>Entrer dans Saint-Pons-de-Thomi\u00e8res,<\/li>\n<li>Au rond-point en bas de la descente, tourner \u00e0 gauche en direction de La Salvetat (D907),<\/li>\n<li>Continuer 100 m et entrer dans le quartier Frescatis en passant le pont, puis tourner<strong> \u00e0 gauche en direction de l&rsquo;h\u00f4pital<\/strong><strong>,<\/strong><\/li>\n<li>Suivre le fl\u00e9chage jusqu&rsquo;au parking des visiteurs.<\/li>\n<\/ul>\n<p>&nbsp;<strong>Depuis B\u00e9ziers :<\/strong><\/p>\n<ul>\n<li>Entrer dans Saint-Pons-de-Thomi\u00e8res, traverser le centre-ville,<\/li>\n<li>Au rond-point, apr\u00e8s la cath\u00e9drale, sortir en face direction La Salvetat (D907),<\/li>\n<li>Continuer 100 m et entrer dans le quartier Frescatis en passant le pont, puis tourner<strong> \u00e0 gauche en direction de l&rsquo;h\u00f4pital<\/strong><strong>,<\/strong><\/li>\n<li>Suivre le fl\u00e9chage jusqu&rsquo;au parking des visiteurs.<\/li>\n<\/ul>\n\n\n<p><\/p>\n\n\n\n<h2 class=\"wp-block-heading\">Venir au Centre Sp\u00e9cialis\u00e9 du Haut Languedoc<\/h2>\n\n\n\n<figure><iframe loading=\"lazy\" src=\"https:\/\/www.google.com\/maps\/embed?pb=!1m18!1m12!1m3!1d723.6795061776343!2d2.7652150288760695!3d43.487354654379445!2m3!1f0!2f0!3f0!3m2!1i1024!2i768!4f13.1!3m3!1m2!1s0x12b1ead8599fed83%3A0xe99497b2a6cd01e8!2s24%20Avenue%20de%20la%20Gare%2C%2034220%20Saint-Pons-de-Thomi%C3%A8res!5e0!3m2!1sfr!2sfr!4v1595325746508!5m2!1sfr!2sfr\" allowfullscreen=\"\" width=\"800\" height=\"600\"><\/iframe><\/figure>\n\n\n\n<p><strong>Depuis Castres et Mazamet :<\/strong><\/p>\n\n\n\n<ul class=\"wp-block-list\">\n<li>Entrer dans Saint-Pons-de-Thomi\u00e8res<\/li>\n\n\n\n<li>Au rond-point en bas de la descente, sortir \u00e0 droite en direction de Beziers<\/li>\n\n\n\n<li>Traverser le centre-ville, passer devant la station service, le b\u00e2timent est \u00e0 droite, apr\u00e8s la gendarmerie.<\/li>\n<\/ul>\n\n\n\n<p>&nbsp;<strong>Depuis B\u00e9ziers :<\/strong><\/p>\n\n\n\n<ul class=\"wp-block-list\">\n<li>Entrer dans Saint-Pons-de-Thomi\u00e8res.<\/li>\n\n\n\n<li>Passer devant le U Express.<\/li>\n\n\n\n<li>Tourner \u00e0 gauche juste avant la gendarmerie.<\/li>\n<\/ul>\n","protected":false},"excerpt":{"rendered":"<p>Venir au Centre Hospitalier de Saint Pons de Thomi\u00e8res Depuis Castres et Mazamet : Entrer dans Saint-Pons-de-Thomi\u00e8res, Au rond-point en &hellip; <\/p>\n","protected":false},"author":1,"featured_media":1490,"parent":0,"menu_order":0,"comment_status":"closed","ping_status":"closed","template":"","meta":{"footnotes":""},"class_list":["post-230","page","type-page","status-publish","has-post-thumbnail","hentry"],"featured_image_src":"https:\/\/www.hopital-stpons.com\/wp-content\/uploads\/2024\/04\/signaletique-1-600x400.jpg","featured_image_src_square":"https:\/\/www.hopital-stpons.com\/wp-content\/uploads\/2024\/04\/signaletique-1-600x600.jpg","_links":{"self":[{"href":"https:\/\/www.hopital-stpons.com\/index.php\/wp-json\/wp\/v2\/pages\/230","targetHints":{"allow":["GET"]}}],"collection":[{"href":"https:\/\/www.hopital-stpons.com\/index.php\/wp-json\/wp\/v2\/pages"}],"about":[{"href":"https:\/\/www.hopital-stpons.com\/index.php\/wp-json\/wp\/v2\/types\/page"}],"author":[{"embeddable":true,"href":"https:\/\/www.hopital-stpons.com\/index.php\/wp-json\/wp\/v2\/users\/1"}],"replies":[{"embeddable":true,"href":"https:\/\/www.hopital-stpons.com\/index.php\/wp-json\/wp\/v2\/comments?post=230"}],"version-history":[{"count":8,"href":"https:\/\/www.hopital-stpons.com\/index.php\/wp-json\/wp\/v2\/pages\/230\/revisions"}],"predecessor-version":[{"id":2050,"href":"https:\/\/www.hopital-stpons.com\/index.php\/wp-json\/wp\/v2\/pages\/230\/revisions\/2050"}],"wp:featuredmedia":[{"embeddable":true,"href":"https:\/\/www.hopital-stpons.com\/index.php\/wp-json\/wp\/v2\/media\/1490"}],"wp:attachment":[{"href":"https:\/\/www.hopital-stpons.com\/index.php\/wp-json\/wp\/v2\/media?parent=230"}],"curies":[{"name":"wp","href":"https:\/\/api.w.org\/{rel}","templated":true}]}}