{"id":423,"date":"2020-07-20T16:36:47","date_gmt":"2020-07-20T14:36:47","guid":{"rendered":"http:\/\/test.oscour.fr\/?page_id=423"},"modified":"2022-09-12T14:51:56","modified_gmt":"2022-09-12T12:51:56","slug":"tarifs-ehpad","status":"publish","type":"page","link":"https:\/\/www.hopital-stpons.com\/index.php\/tarifs-ehpad\/","title":{"rendered":"Les Tarifs"},"content":{"rendered":"\n<h4 class=\"wp-block-heading\"><a href=\"https:\/\/www.pour-les-personnes-agees.gouv.fr\/vivre-dans-un-ehpad\/quels-couts\/comprendre-sa-facture-en-ehpad\">Comprendre sa facture en EHPAD<\/a><\/h4>\n\n\n\n<p>Notre EHPAD facture plusieurs prestations :<\/p>\n\n\n<ul>\n<li><strong>L&rsquo;h\u00e9bergement<\/strong> : il s&rsquo;agit <strong>d&rsquo;une prestation h\u00f4teli\u00e8re<\/strong> (restauration, chambre, entretien &#8230;)<\/li>\n<li><strong>Un accompagnement<\/strong> : il s&rsquo;agit <strong>du payement du personnel form\u00e9<\/strong> qui intervient aupr\u00e8s du r\u00e9sident pour l&rsquo;aide \u00e0 la toilette, aux d\u00e9placements&#8230;<\/li>\n<li><strong>Une prise en charge m\u00e9dicale quotidienne<\/strong> : les EHPAD sont des <strong>\u00e9tablissements m\u00e9dicalis\u00e9s<\/strong>. Ils emploient donc du personnel soignant : m\u00e9decin coordonnateur, infirmiers, aides-soignants&#8230; L\u2019\u00e9quipe soignante s\u2019occupe de la prise en charge m\u00e9dicale quotidienne des r\u00e9sidents : distribution des m\u00e9dicaments, r\u00e9alisations des pansements\u2026<\/li>\n<\/ul>\n<p>A chacune de ces trois prestations, correspond un tarif journalier :<\/p>\n<ul>\n<li><strong>un tarif h\u00e9bergement journalier<\/strong> \u00e0 la charge du r\u00e9sident<\/li>\n<li><strong>un tarif d\u00e9pendance journalier<\/strong>, \u00e0 la charge du r\u00e9sident et qui peut \u00eatre en partie pris en charge par le conseil d\u00e9partemental dans le cadre de l&rsquo;<a href=\"https:\/\/www.pour-les-personnes-agees.gouv.fr\/vivre-dans-un-ehpad\/aides-financieres-en-ehpad\/lapa-en-etablissement\">APA (Allocation Personnalis\u00e9e d&rsquo;Autonomie<\/a><\/li>\n<li><strong>un tarif soins journalier<\/strong> \u00e0 la charge de l\u2019Assurance maladie<\/li>\n<\/ul>\n\n\n<p>Le r\u00e9sident doit donc payer <strong>le tarif h\u00e9bergement journalier<\/strong> et <strong>le tarif d\u00e9pendance journalier<\/strong>.<\/p>\n\n\n\n<h4 class=\"wp-block-heading\">Comprendre le tarif d\u00e9pendance<\/h4>\n\n\n\n<p>Il existe trois tarifs d\u00e9pendance. Plus la d\u00e9pendance du r\u00e9sident est \u00e9lev\u00e9e, plus le tarif sera \u00e9lev\u00e9 :<\/p>\n\n\n<ul>\n<li><strong>le tarif correspondant au GIR 1-2<\/strong> est le <strong>tarif le plus \u00e9lev\u00e9<\/strong> : les r\u00e9sidents \u00e9valu\u00e9s en GIR 1-2 sont consid\u00e9r\u00e9s comme tr\u00e8s d\u00e9pendants ;<\/li>\n<li><strong>le tarif correspondant au GIR 3-4<\/strong> est le <strong>tarif interm\u00e9diaire<\/strong> : les r\u00e9sidents \u00e9valu\u00e9s en GIR 3-4 sont consid\u00e9r\u00e9s comme d\u00e9pendants ;<\/li>\n<li><strong>le tarif correspondant au GIR 5-6<\/strong> est le<strong> tarif le moins \u00e9lev\u00e9<\/strong> : les r\u00e9sidents qui sont \u00e9valu\u00e9s en GIR 5-6 sont consid\u00e9r\u00e9s comme autonomes.<\/li>\n<\/ul>\n\n\n<h4 class=\"wp-block-heading\">Les Tarifs au Centre Hospitalier de Saint-Pons-de-Thomi\u00e8res<\/h4>\n\n\n\n<figure class=\"wp-block-table is-style-stripes\"><table><tbody><tr><td>Tarif H\u00e9bergement Journalier<\/td><td class=\"has-text-align-center\" data-align=\"center\">62.52 \u20ac<\/td><\/tr><tr><td>Tarif H\u00e9bergement Journalier <br>pour les personnes de moins de 60 ans<\/td><td class=\"has-text-align-center\" data-align=\"center\">79.36 \u20ac<\/td><\/tr><tr><td>Tarif D\u00e9pendance Journalier GIR 1-2<\/td><td class=\"has-text-align-center\" data-align=\"center\">23.60 \u20ac<\/td><\/tr><tr><td>Tarif D\u00e9pendance Journalier GIR 3-4<\/td><td class=\"has-text-align-center\" data-align=\"center\">14.97 \u20ac<\/td><\/tr><tr><td>Tarif D\u00e9pendance Journalier GIR 5-6<\/td><td class=\"has-text-align-center\" data-align=\"center\">  6.36 \u20ac<\/td><\/tr><\/tbody><\/table><\/figure>\n\n\n\n<p><\/p>\n","protected":false},"excerpt":{"rendered":"<p>Comprendre sa facture en EHPAD Notre EHPAD facture plusieurs prestations : L&rsquo;h\u00e9bergement : il s&rsquo;agit d&rsquo;une prestation h\u00f4teli\u00e8re (restauration, chambre, &hellip; <\/p>\n","protected":false},"author":1,"featured_media":0,"parent":0,"menu_order":0,"comment_status":"closed","ping_status":"closed","template":"","meta":{"footnotes":""},"class_list":["post-423","page","type-page","status-publish","hentry"],"featured_image_src":null,"featured_image_src_square":null,"_links":{"self":[{"href":"https:\/\/www.hopital-stpons.com\/index.php\/wp-json\/wp\/v2\/pages\/423","targetHints":{"allow":["GET"]}}],"collection":[{"href":"https:\/\/www.hopital-stpons.com\/index.php\/wp-json\/wp\/v2\/pages"}],"about":[{"href":"https:\/\/www.hopital-stpons.com\/index.php\/wp-json\/wp\/v2\/types\/page"}],"author":[{"embeddable":true,"href":"https:\/\/www.hopital-stpons.com\/index.php\/wp-json\/wp\/v2\/users\/1"}],"replies":[{"embeddable":true,"href":"https:\/\/www.hopital-stpons.com\/index.php\/wp-json\/wp\/v2\/comments?post=423"}],"version-history":[{"count":6,"href":"https:\/\/www.hopital-stpons.com\/index.php\/wp-json\/wp\/v2\/pages\/423\/revisions"}],"predecessor-version":[{"id":1166,"href":"https:\/\/www.hopital-stpons.com\/index.php\/wp-json\/wp\/v2\/pages\/423\/revisions\/1166"}],"wp:attachment":[{"href":"https:\/\/www.hopital-stpons.com\/index.php\/wp-json\/wp\/v2\/media?parent=423"}],"curies":[{"name":"wp","href":"https:\/\/api.w.org\/{rel}","templated":true}]}}