{"id":443,"date":"2020-07-20T16:52:18","date_gmt":"2020-07-20T14:52:18","guid":{"rendered":"http:\/\/test.oscour.fr\/?page_id=443"},"modified":"2020-07-24T09:35:51","modified_gmt":"2020-07-24T07:35:51","slug":"formalites-dadmission","status":"publish","type":"page","link":"https:\/\/www.hopital-stpons.com\/index.php\/formalites-dadmission\/","title":{"rendered":"Formalit\u00e9s d\u2019admission au SSR adictologie"},"content":{"rendered":"\n<p>L\u2019admission se fait <strong>sur prescription m\u00e9dicale<\/strong>, soit en utilisant le site <a href=\"https:\/\/trajectoire.sante-ra.fr\/Trajectoire\/\">ViaTrajectoire<\/a>, soit en remplissant le <a href=\"https:\/\/www.hopital-stpons.com\/wp-content\/uploads\/2020\/07\/dossier_demande_admission_ssra_.pdf\">document de demande d&rsquo;admission <\/a>qui doit \u00eatre envoy\u00e9 au <strong>Centre Sp\u00e9cialis\u00e9<\/strong> <a href=\"https:\/\/www.hopital-stpons.com\/index.php\/nous-contacter\/\">par courrier ou par Fax<\/a>.<\/p>\n\n\n\n<p><strong>Lors de l\u2019admission<\/strong>, veuillez vous pr\u00e9senter au bureau des entr\u00e9es muni de :<\/p>\n\n\n<ul>\n<li>votre pi\u00e8ce d&rsquo;identit\u00e9 avec photographie<\/li>\n<li>votre attestation carte vitale<\/li>\n<li>votre carte mutuelle<\/li>\n<\/ul>\n\n\n<p><strong>Lors de votre sortie<\/strong>, un bulletin d\u2019hospitalisation pourra vous \u00eatre remis, \u00e0 votre demande.<\/p>\n\n\n\n<p><strong>Apr\u00e8s votre d\u00e9part<\/strong>, vous recevez \u00e0 votre domicile une facture correspondant au montant des frais restant \u00e0 votre charge (en fonction de votre couverture sociale). Vous devez vous en acquitter aupr\u00e8s de Monsieur le receveur du Tr\u00e9sor public, comptable de l\u2019\u00e9tablissement.<\/p>\n\n\n\n<div style=\"color:#32373c;background-color:#22d25f\" class=\"wp-block-genesis-blocks-gb-notice gb-font-size-18 gb-block-notice\" data-id=\"234f74\"><div class=\"gb-notice-title\" style=\"color:#fff\"><p>Documents utiles \u00e0 t\u00e9l\u00e9charger<\/p><\/div><div class=\"gb-notice-text\" style=\"border-color:#22d25f\"><p><a href=\"https:\/\/www.hopital-stpons.com\/wp-content\/uploads\/2020\/07\/Plaquette-CSAHL.14.pdf\">Plaquette d&rsquo;information du Centre sp\u00e9cialis\u00e9<\/a><\/p><p><a href=\"https:\/\/www.hopital-stpons.com\/wp-content\/uploads\/2020\/07\/livret_accueil_ssr_a.pdf\">Livret d\u2019accueil du CSHL<\/a><\/p><p><a href=\"https:\/\/www.hopital-stpons.com\/wp-content\/uploads\/2020\/07\/informations_pratiques_ssra.pdf\">Informations pratiques \u00e0 regarder avant votre admission<\/a><\/p><p><a href=\"https:\/\/www.hopital-stpons.com\/wp-content\/uploads\/2020\/07\/dossier_demande_admission_ssra_.pdf\">Dossier de demande d&rsquo;admission<\/a><\/p><\/div><\/div>\n","protected":false},"excerpt":{"rendered":"<p>L\u2019admission se fait sur prescription m\u00e9dicale, soit en utilisant le site ViaTrajectoire, soit en remplissant le document de demande d&rsquo;admission &hellip; <\/p>\n","protected":false},"author":1,"featured_media":0,"parent":0,"menu_order":0,"comment_status":"closed","ping_status":"closed","template":"","meta":{"footnotes":""},"class_list":["post-443","page","type-page","status-publish","hentry"],"featured_image_src":null,"featured_image_src_square":null,"_links":{"self":[{"href":"https:\/\/www.hopital-stpons.com\/index.php\/wp-json\/wp\/v2\/pages\/443","targetHints":{"allow":["GET"]}}],"collection":[{"href":"https:\/\/www.hopital-stpons.com\/index.php\/wp-json\/wp\/v2\/pages"}],"about":[{"href":"https:\/\/www.hopital-stpons.com\/index.php\/wp-json\/wp\/v2\/types\/page"}],"author":[{"embeddable":true,"href":"https:\/\/www.hopital-stpons.com\/index.php\/wp-json\/wp\/v2\/users\/1"}],"replies":[{"embeddable":true,"href":"https:\/\/www.hopital-stpons.com\/index.php\/wp-json\/wp\/v2\/comments?post=443"}],"version-history":[{"count":9,"href":"https:\/\/www.hopital-stpons.com\/index.php\/wp-json\/wp\/v2\/pages\/443\/revisions"}],"predecessor-version":[{"id":767,"href":"https:\/\/www.hopital-stpons.com\/index.php\/wp-json\/wp\/v2\/pages\/443\/revisions\/767"}],"wp:attachment":[{"href":"https:\/\/www.hopital-stpons.com\/index.php\/wp-json\/wp\/v2\/media?parent=443"}],"curies":[{"name":"wp","href":"https:\/\/api.w.org\/{rel}","templated":true}]}}