{"id":482,"date":"2020-07-21T10:09:56","date_gmt":"2020-07-21T08:09:56","guid":{"rendered":"http:\/\/test.oscour.fr\/?page_id=482"},"modified":"2025-11-23T00:23:43","modified_gmt":"2025-11-22T23:23:43","slug":"payer-vos-factures","status":"publish","type":"page","link":"https:\/\/www.hopital-stpons.com\/index.php\/payer-vos-factures\/","title":{"rendered":"Payer vos factures"},"content":{"rendered":"\n<p>Vous pouvez r\u00e9gler vos factures par internet directement en passant par le site <a href=\"https:\/\/www.payfip.gouv.fr\" data-type=\"link\" data-id=\"https:\/\/www.payfip.gouv.fr\">PayFiP<\/a>. Toutes les informations n\u00e9cessaires sont en bas de votre facture.<\/p>\n\n\n\n<figure class=\"wp-block-image size-full\"><img loading=\"lazy\" decoding=\"async\" width=\"336\" height=\"55\" src=\"https:\/\/www.hopital-stpons.com\/wp-content\/uploads\/2025\/11\/PayFIp_logotype.jpg\" alt=\"\" class=\"wp-image-2055\" srcset=\"https:\/\/www.hopital-stpons.com\/wp-content\/uploads\/2025\/11\/PayFIp_logotype.jpg 336w, https:\/\/www.hopital-stpons.com\/wp-content\/uploads\/2025\/11\/PayFIp_logotype-300x49.jpg 300w, https:\/\/www.hopital-stpons.com\/wp-content\/uploads\/2025\/11\/PayFIp_logotype-330x55.jpg 330w\" sizes=\"auto, (max-width: 336px) 100vw, 336px\" \/><\/figure>\n\n\n\n<p><strong>Pour vous aider voici la proc\u00e9dure :<\/strong><\/p>\n\n\n\n<ul class=\"wp-block-list\">\n<li>Munissez-vous de votre Avis de Sommes \u00e0 Payer, de votre carte bancaire ou, si vous souhaitez payer par pr\u00e9l\u00e8vement unique, de vos identifiants d\u2019acc\u00e8s au site impots.gouv.fr<br><\/li>\n\n\n\n<li>Rendez vous sur le site internet de paiement s\u00e9curis\u00e9 <a href=\"https:\/\/www.payfip.gouv.fr\">PayFiP<\/a>, de la direction g\u00e9n\u00e9rale des Finances publiques \u00e0 l&rsquo;adresse suivante : <a href=\"https:\/\/www.payfip.gouv.fr\/\">https:\/\/www.payfip.gouv.fr\/<\/a><br><\/li>\n\n\n\n<li>Choisissez votre mode de r\u00e8glement afin de finaliser la transaction<br><\/li>\n\n\n\n<li>Un courriel de confirmation vous sera envoy\u00e9 \u00e0 l\u2019adresse mail que vous aurez saisie. <br>Vous pouvez \u00e9galement enregistrer ou imprimer votre ticket de paiement directement depuis l\u2019\u00e9cran de confirmation du paiement.<\/li>\n<\/ul>\n\n\n\n<p><\/p>\n","protected":false},"excerpt":{"rendered":"<p>Vous pouvez r\u00e9gler vos factures par internet directement en passant par le site PayFiP. Toutes les informations n\u00e9cessaires sont en &hellip; <\/p>\n","protected":false},"author":1,"featured_media":2052,"parent":0,"menu_order":0,"comment_status":"closed","ping_status":"closed","template":"","meta":{"footnotes":""},"class_list":["post-482","page","type-page","status-publish","has-post-thumbnail","hentry"],"featured_image_src":"https:\/\/www.hopital-stpons.com\/wp-content\/uploads\/2025\/11\/TIPI-1024x314-1-600x314.jpg","featured_image_src_square":"https:\/\/www.hopital-stpons.com\/wp-content\/uploads\/2025\/11\/TIPI-1024x314-1-600x314.jpg","_links":{"self":[{"href":"https:\/\/www.hopital-stpons.com\/index.php\/wp-json\/wp\/v2\/pages\/482","targetHints":{"allow":["GET"]}}],"collection":[{"href":"https:\/\/www.hopital-stpons.com\/index.php\/wp-json\/wp\/v2\/pages"}],"about":[{"href":"https:\/\/www.hopital-stpons.com\/index.php\/wp-json\/wp\/v2\/types\/page"}],"author":[{"embeddable":true,"href":"https:\/\/www.hopital-stpons.com\/index.php\/wp-json\/wp\/v2\/users\/1"}],"replies":[{"embeddable":true,"href":"https:\/\/www.hopital-stpons.com\/index.php\/wp-json\/wp\/v2\/comments?post=482"}],"version-history":[{"count":6,"href":"https:\/\/www.hopital-stpons.com\/index.php\/wp-json\/wp\/v2\/pages\/482\/revisions"}],"predecessor-version":[{"id":2056,"href":"https:\/\/www.hopital-stpons.com\/index.php\/wp-json\/wp\/v2\/pages\/482\/revisions\/2056"}],"wp:featuredmedia":[{"embeddable":true,"href":"https:\/\/www.hopital-stpons.com\/index.php\/wp-json\/wp\/v2\/media\/2052"}],"wp:attachment":[{"href":"https:\/\/www.hopital-stpons.com\/index.php\/wp-json\/wp\/v2\/media?parent=482"}],"curies":[{"name":"wp","href":"https:\/\/api.w.org\/{rel}","templated":true}]}}