{"id":589,"date":"2020-07-22T10:25:28","date_gmt":"2020-07-22T08:25:28","guid":{"rendered":"http:\/\/test.oscour.fr\/?page_id=589"},"modified":"2020-07-27T09:39:14","modified_gmt":"2020-07-27T07:39:14","slug":"formalites-dadmission-au-ssr-polyvalent","status":"publish","type":"page","link":"https:\/\/www.hopital-stpons.com\/index.php\/formalites-dadmission-au-ssr-polyvalent\/","title":{"rendered":"Formalit\u00e9s d\u2019admission au SSR polyvalent"},"content":{"rendered":"\n<p>L\u2019admission se fait <strong>sur prescription m\u00e9dicale<\/strong>, soit en utilisant le site <a href=\"https:\/\/trajectoire.sante-ra.fr\/Trajectoire\/\">ViaTrajectoire<\/a>, soit en remplissant le <a href=\"https:\/\/www.hopital-stpons.com\/wp-content\/uploads\/2020\/07\/dossier_demande_admission_ssrp.pdf\">document de demande d&rsquo;admission <\/a>qui doit \u00eatre envoy\u00e9 au <strong>Centre Hospitalier<\/strong> <a href=\"https:\/\/www.hopital-stpons.com\/index.php\/nous-contacter\/\">par courrier ou par Fax<\/a>.<\/p>\n\n\n\n<p><strong>Lors de l\u2019admission<\/strong>, veuillez vous pr\u00e9senter au bureau des entr\u00e9es muni de :<\/p>\n\n\n<ul>\n<li>votre pi\u00e8ce d&rsquo;identit\u00e9 avec photographie<\/li>\n<li>votre attestation carte vitale<\/li>\n<li>votre carte mutuelle<\/li>\n<\/ul>\n\n\n<p><strong>Lors de votre sortie<\/strong>, un bulletin d\u2019hospitalisation pourra vous \u00eatre remis, \u00e0 votre demande.<\/p>\n\n\n\n<p><strong>Apr\u00e8s votre d\u00e9part<\/strong>, vous recevez \u00e0 votre domicile une facture correspondant au montant des frais restant \u00e0 votre charge (en fonction de votre couverture sociale). Vous devez vous en acquitter aupr\u00e8s de Monsieur le receveur du Tr\u00e9sor public, comptable de l\u2019\u00e9tablissement.<\/p>\n\n\n\n<div style=\"color:#32373c;background-color:#00d1b2\" class=\"wp-block-genesis-blocks-gb-notice gb-font-size-18 gb-block-notice\" data-id=\"dd5ccc\"><div class=\"gb-notice-title\" style=\"color:#fff\"><p><strong>Documents utiles \u00e0 t\u00e9l\u00e9charger<\/strong><\/p><\/div><div class=\"gb-notice-text\" style=\"border-color:#00d1b2\"><p><a href=\"https:\/\/www.hopital-stpons.com\/wp-content\/uploads\/2022\/11\/Livret_accueil-v2022.pdf\" data-type=\"URL\" data-id=\"https:\/\/www.hopital-stpons.com\/wp-content\/uploads\/2022\/11\/Livret_accueil-v2022.pdf\">Livret d\u2019accueil du service de m\u00e9decine \/ SSR<\/a><\/p><p><a href=\"https:\/\/www.hopital-stpons.com\/wp-content\/uploads\/2020\/07\/Charte.pdf\">Charte des droits du patient hospitalis\u00e9<\/a><\/p><\/div><\/div>\n","protected":false},"excerpt":{"rendered":"<p>L\u2019admission se fait sur prescription m\u00e9dicale, soit en utilisant le site ViaTrajectoire, soit en remplissant le document de demande d&rsquo;admission &hellip; <\/p>\n","protected":false},"author":1,"featured_media":0,"parent":0,"menu_order":0,"comment_status":"closed","ping_status":"closed","template":"","meta":{"footnotes":""},"class_list":["post-589","page","type-page","status-publish","hentry"],"featured_image_src":null,"featured_image_src_square":null,"_links":{"self":[{"href":"https:\/\/www.hopital-stpons.com\/index.php\/wp-json\/wp\/v2\/pages\/589","targetHints":{"allow":["GET"]}}],"collection":[{"href":"https:\/\/www.hopital-stpons.com\/index.php\/wp-json\/wp\/v2\/pages"}],"about":[{"href":"https:\/\/www.hopital-stpons.com\/index.php\/wp-json\/wp\/v2\/types\/page"}],"author":[{"embeddable":true,"href":"https:\/\/www.hopital-stpons.com\/index.php\/wp-json\/wp\/v2\/users\/1"}],"replies":[{"embeddable":true,"href":"https:\/\/www.hopital-stpons.com\/index.php\/wp-json\/wp\/v2\/comments?post=589"}],"version-history":[{"count":5,"href":"https:\/\/www.hopital-stpons.com\/index.php\/wp-json\/wp\/v2\/pages\/589\/revisions"}],"predecessor-version":[{"id":764,"href":"https:\/\/www.hopital-stpons.com\/index.php\/wp-json\/wp\/v2\/pages\/589\/revisions\/764"}],"wp:attachment":[{"href":"https:\/\/www.hopital-stpons.com\/index.php\/wp-json\/wp\/v2\/media?parent=589"}],"curies":[{"name":"wp","href":"https:\/\/api.w.org\/{rel}","templated":true}]}}