{"id":66,"date":"2018-08-02T14:02:02","date_gmt":"2018-08-02T12:02:02","guid":{"rendered":"http:\/\/www.btmsconstruction.fr\/?page_id=66"},"modified":"2025-12-04T22:30:28","modified_gmt":"2025-12-04T21:30:28","slug":"slider-3","status":"publish","type":"page","link":"https:\/\/www.hopital-stpons.com\/index.php\/slider-3\/","title":{"rendered":"L&rsquo;EHPAD"},"content":{"rendered":"<p>Les \u00e9tablissements d\u2019h\u00e9bergement pour personnes \u00e2g\u00e9es d\u00e9pendantes (EHPAD) sont des maisons de retraite m\u00e9dicalis\u00e9es qui proposent un accueil en chambre.\u00a0<\/p>\n<p>Les EHPAD s\u2019adressent \u00e0 des personnes \u00e2g\u00e9es de plus de 60 ans qui ont besoin d\u2019aide et de soins au quotidien:<br \/>&#8211; accompagnement dans les actes essentiels de la vie (pour le lever, le coucher, la toilette, les repas\u2026)<\/p>\n<p>-soins quotidiens (pansements, mesure de la glyc\u00e9mie, distribution des m\u00e9dicaments&#8230;) effectu\u00e9s par l\u2019\u00e9quipe soignante de l\u2019EHPAD sous le contr\u00f4le d&rsquo;un m\u00e9decin coordonnateur.<\/p>\n<p>Les personnes \u00e2g\u00e9es de moins de 60 ans sont admises sur d\u00e9rogation.<\/p>\n<p>L&rsquo;\u00e9quipe pluridisciplinaire se compose de:<\/p>\n<ul>\n<li>M\u00e9decin\u00a0<\/li>\n<li>Cadre infirmier<\/li>\n<li>Infirmiers<\/li>\n<li>Aides-soignant et agents des services hospitaliers<\/li>\n<li>Animateurs<\/li>\n<li>Conseiller en \u00e9ducation sociale et familiale<\/li>\n<li>Kin\u00e9sith\u00e9rapeute<\/li>\n<li>Psychologue<\/li>\n<li>Di\u00e9t\u00e9ticien<\/li>\n<li>\u00c9ducateur d&rsquo;activit\u00e9 physique adapt\u00e9e.<\/li>\n<\/ul>\n<p>Des intervenants lib\u00e9raux: kin\u00e9sith\u00e9rapeutes, p\u00e9dicures, orthophonistes interviennent \u00e9galement, sur prescription m\u00e9dicale.<\/p>\n<p><\/p>\n<ul class=\"wp-block-list\">\n<li>M\u00e9decin<\/li>\n \n<li>Cadre infirmier<\/li>\n \n<li>Infirmiers<\/li>\n \n<li>Neuropsychologue<\/li>\n \n<li>Di\u00e9t\u00e9ticien<\/li>\n \n<li>Ergoth\u00e9rapeute<\/li>\n \n<li>Kin\u00e9sith\u00e9rapeute<\/li>\n \n<li>\u00c9ducateur d&rsquo;activit\u00e9 physique adapt\u00e9<\/li>\n \n<li>Conseillers en \u00e9ducation sociale et familiale<\/li>\n \n<li>Aides-soignants et agents des services hospitaliers<\/li>\n<\/ul>\n<p> <\/p>\n<figure class=\"wp-block-gallery has-nested-images columns-1 is-cropped wp-block-gallery-1 is-layout-flex wp-block-gallery-is-layout-flex\">\n<figure class=\"wp-block-image size-large\"><img loading=\"lazy\" decoding=\"async\" width=\"1024\" height=\"683\" data-id=\"1963\" class=\"wp-image-1963\" src=\"https:\/\/www.hopital-stpons.com\/wp-content\/uploads\/2025\/11\/HDC_3100-1024x683.jpg\" alt=\"\" srcset=\"https:\/\/www.hopital-stpons.com\/wp-content\/uploads\/2025\/11\/HDC_3100-1024x683.jpg 1024w, https:\/\/www.hopital-stpons.com\/wp-content\/uploads\/2025\/11\/HDC_3100-300x200.jpg 300w, https:\/\/www.hopital-stpons.com\/wp-content\/uploads\/2025\/11\/HDC_3100-768x512.jpg 768w, https:\/\/www.hopital-stpons.com\/wp-content\/uploads\/2025\/11\/HDC_3100-1536x1025.jpg 1536w, https:\/\/www.hopital-stpons.com\/wp-content\/uploads\/2025\/11\/HDC_3100-600x400.jpg 600w, https:\/\/www.hopital-stpons.com\/wp-content\/uploads\/2025\/11\/HDC_3100.jpg 1599w\" sizes=\"auto, (max-width: 1024px) 100vw, 1024px\" \/><\/figure>\n \n<figure class=\"wp-block-image size-large\"><img loading=\"lazy\" decoding=\"async\" width=\"1024\" height=\"684\" data-id=\"1967\" class=\"wp-image-1967\" src=\"https:\/\/www.hopital-stpons.com\/wp-content\/uploads\/2025\/11\/HDC_3201-1024x684.jpg\" alt=\"\" srcset=\"https:\/\/www.hopital-stpons.com\/wp-content\/uploads\/2025\/11\/HDC_3201-1024x684.jpg 1024w, https:\/\/www.hopital-stpons.com\/wp-content\/uploads\/2025\/11\/HDC_3201-300x200.jpg 300w, https:\/\/www.hopital-stpons.com\/wp-content\/uploads\/2025\/11\/HDC_3201-768x513.jpg 768w, https:\/\/www.hopital-stpons.com\/wp-content\/uploads\/2025\/11\/HDC_3201-1536x1026.jpg 1536w, https:\/\/www.hopital-stpons.com\/wp-content\/uploads\/2025\/11\/HDC_3201-600x400.jpg 600w, https:\/\/www.hopital-stpons.com\/wp-content\/uploads\/2025\/11\/HDC_3201.jpg 1599w\" sizes=\"auto, (max-width: 1024px) 100vw, 1024px\" \/><\/figure>\n \n<figure class=\"wp-block-image size-large\"><img loading=\"lazy\" decoding=\"async\" width=\"1024\" height=\"684\" data-id=\"1968\" class=\"wp-image-1968\" src=\"https:\/\/www.hopital-stpons.com\/wp-content\/uploads\/2025\/11\/HDC_3203-1024x684.jpg\" alt=\"\" srcset=\"https:\/\/www.hopital-stpons.com\/wp-content\/uploads\/2025\/11\/HDC_3203-1024x684.jpg 1024w, https:\/\/www.hopital-stpons.com\/wp-content\/uploads\/2025\/11\/HDC_3203-300x200.jpg 300w, https:\/\/www.hopital-stpons.com\/wp-content\/uploads\/2025\/11\/HDC_3203-768x513.jpg 768w, https:\/\/www.hopital-stpons.com\/wp-content\/uploads\/2025\/11\/HDC_3203-1536x1026.jpg 1536w, https:\/\/www.hopital-stpons.com\/wp-content\/uploads\/2025\/11\/HDC_3203-600x400.jpg 600w, https:\/\/www.hopital-stpons.com\/wp-content\/uploads\/2025\/11\/HDC_3203.jpg 1599w\" sizes=\"auto, (max-width: 1024px) 100vw, 1024px\" \/><\/figure>\n \n<figure class=\"wp-block-image size-large\"><img loading=\"lazy\" decoding=\"async\" width=\"1024\" height=\"683\" data-id=\"1962\" class=\"wp-image-1962\" src=\"https:\/\/www.hopital-stpons.com\/wp-content\/uploads\/2025\/11\/HDC_3003-1-1024x683.jpg\" alt=\"\" srcset=\"https:\/\/www.hopital-stpons.com\/wp-content\/uploads\/2025\/11\/HDC_3003-1-1024x683.jpg 1024w, https:\/\/www.hopital-stpons.com\/wp-content\/uploads\/2025\/11\/HDC_3003-1-300x200.jpg 300w, https:\/\/www.hopital-stpons.com\/wp-content\/uploads\/2025\/11\/HDC_3003-1-768x512.jpg 768w, https:\/\/www.hopital-stpons.com\/wp-content\/uploads\/2025\/11\/HDC_3003-1-1536x1025.jpg 1536w, https:\/\/www.hopital-stpons.com\/wp-content\/uploads\/2025\/11\/HDC_3003-1-600x400.jpg 600w, https:\/\/www.hopital-stpons.com\/wp-content\/uploads\/2025\/11\/HDC_3003-1.jpg 1599w\" sizes=\"auto, (max-width: 1024px) 100vw, 1024px\" \/><\/figure>\n<\/figure>\n<p><\/p>\n\n\n<div style=\"color:#32373c;background-color:#00d1b2\" class=\"wp-block-genesis-blocks-gb-notice gb-font-size-18 gb-block-notice\" data-id=\"dd5ccc\"><div class=\"gb-notice-title\" style=\"color:#fff\"><p><strong>Documents utiles \u00e0 t\u00e9l\u00e9charger<\/strong><\/p><\/div><div class=\"gb-notice-text\" style=\"border-color:#00d1b2\"><p><a href=\"https:\/\/www.hopital-stpons.com\/wp-content\/uploads\/2021\/12\/Livret-accueil-EHPADoct2020.pdf\" data-type=\"URL\">Livret d\u2019accueil en EHPAD<\/a><\/p><p><a href=\"https:\/\/www.hopital-stpons.com\/wp-content\/uploads\/2020\/07\/FICHE-INFORMATION-GENERALE.pdf\">Plaquette d\u2019information de l&rsquo;EHPAD<\/a><\/p><p><a href=\"https:\/\/www.hopital-stpons.com\/wp-content\/uploads\/2020\/07\/cerfa_14732-03.pdf\">Dossier de demande d&rsquo;admission en EHPAD<\/a><\/p><p><a href=\"https:\/\/www.hopital-stpons.com\/wp-content\/uploads\/2020\/07\/CONTRAT-DE-SEJOUR_vvalidee.pdf\">Contrat de s\u00e9jour<\/a><\/p><p><a href=\"https:\/\/www.hopital-stpons.com\/wp-content\/uploads\/2020\/07\/CONTRAT-DE-SEJOUR_vvalidee.docx\">R\u00e8glement de fonctionnement<\/a><\/p><p><a href=\"https:\/\/www.hopital-stpons.com\/wp-content\/uploads\/2021\/12\/Flyer-VTPA_usagers.pdf\">ViaTrajectoire : L&rsquo;outil qui facilite les d\u00e9marches<\/a><\/p><\/div><\/div>\n","protected":false},"excerpt":{"rendered":"<p>Les \u00e9tablissements d\u2019h\u00e9bergement pour personnes \u00e2g\u00e9es d\u00e9pendantes (EHPAD) sont des maisons de retraite m\u00e9dicalis\u00e9es qui proposent un accueil en chambre.\u00a0 &hellip; <\/p>\n","protected":false},"author":1,"featured_media":1926,"parent":0,"menu_order":0,"comment_status":"closed","ping_status":"closed","template":"","meta":{"footnotes":""},"class_list":["post-66","page","type-page","status-publish","has-post-thumbnail","hentry"],"featured_image_src":"https:\/\/www.hopital-stpons.com\/wp-content\/uploads\/2020\/02\/HDC_3215-1600-800-600x400.jpg","featured_image_src_square":"https:\/\/www.hopital-stpons.com\/wp-content\/uploads\/2020\/02\/HDC_3215-1600-800-600x600.jpg","_links":{"self":[{"href":"https:\/\/www.hopital-stpons.com\/index.php\/wp-json\/wp\/v2\/pages\/66","targetHints":{"allow":["GET"]}}],"collection":[{"href":"https:\/\/www.hopital-stpons.com\/index.php\/wp-json\/wp\/v2\/pages"}],"about":[{"href":"https:\/\/www.hopital-stpons.com\/index.php\/wp-json\/wp\/v2\/types\/page"}],"author":[{"embeddable":true,"href":"https:\/\/www.hopital-stpons.com\/index.php\/wp-json\/wp\/v2\/users\/1"}],"replies":[{"embeddable":true,"href":"https:\/\/www.hopital-stpons.com\/index.php\/wp-json\/wp\/v2\/comments?post=66"}],"version-history":[{"count":22,"href":"https:\/\/www.hopital-stpons.com\/index.php\/wp-json\/wp\/v2\/pages\/66\/revisions"}],"predecessor-version":[{"id":2093,"href":"https:\/\/www.hopital-stpons.com\/index.php\/wp-json\/wp\/v2\/pages\/66\/revisions\/2093"}],"wp:featuredmedia":[{"embeddable":true,"href":"https:\/\/www.hopital-stpons.com\/index.php\/wp-json\/wp\/v2\/media\/1926"}],"wp:attachment":[{"href":"https:\/\/www.hopital-stpons.com\/index.php\/wp-json\/wp\/v2\/media?parent=66"}],"curies":[{"name":"wp","href":"https:\/\/api.w.org\/{rel}","templated":true}]}}