{"id":687,"date":"2020-07-23T11:04:26","date_gmt":"2020-07-23T09:04:26","guid":{"rendered":"http:\/\/test.oscour.fr\/?page_id=687"},"modified":"2020-08-06T11:24:22","modified_gmt":"2020-08-06T09:24:22","slug":"droits-des-usagers","status":"publish","type":"page","link":"https:\/\/www.hopital-stpons.com\/index.php\/droits-des-usagers\/","title":{"rendered":"Droits des usagers"},"content":{"rendered":"\n<p>Les droits de l&rsquo;usager \u00e0 l&rsquo;h\u00f4pital sont pr\u00e9cis\u00e9s dans la Charte de la personne hospitalis\u00e9e qui doit \u00eatre port\u00e9e \u00e0 la connaissance de chacun. En EHPAD, la charte des droits et devoirs de la personne \u00e2g\u00e9e d\u00e9pendante s&rsquo;applique plus particuli\u00e8rement.<\/p>\n\n\n\n<p>Pour faire vivre ces droits, il existe des instances qui r\u00e9unissent des repr\u00e9sentants des usagers et de l&rsquo;institution: la Commission des usagers et le Conseil de la vie sociale.<\/p>\n\n\n\n<p>Vous avez la possibilit\u00e9 d&rsquo;adresser au directeur, vos plaintes, r\u00e9clamations et remerciements, soit par courrier, soit oralement aupr\u00e8s d&rsquo;un professionnel qui transmettra ensuite au directeur.<\/p>\n\n\n\n<p>Si un d\u00e9saccord persiste avec l&rsquo;institution, vous avez la possibilit\u00e9 de faire appel \u00e0 un m\u00e9diateur ou \u00e0 une personne qualifi\u00e9e pour vous assister.<\/p>\n\n\n\n<div class=\"wp-block-file\"><a href=\"https:\/\/www.hopital-stpons.com\/wp-content\/uploads\/2020\/08\/charte-personne-hospitalisee.jpg\" target=\"_blank\" rel=\"noreferrer noopener\"><br>Charte de la personne hospitalis\u00e9e<\/a><a href=\"https:\/\/www.hopital-stpons.com\/wp-content\/uploads\/2020\/08\/charte-personne-hospitalisee.jpg\" class=\"wp-block-file__button\" download>T\u00e9l\u00e9charger<\/a><\/div>\n\n\n\n<p><\/p>\n\n\n\n<div class=\"wp-block-file\"><a href=\"https:\/\/www.hopital-stpons.com\/wp-content\/uploads\/2020\/08\/Charte-personne-ageee-dependante.pdf\">Charte personne ageee dependante<\/a><a href=\"https:\/\/www.hopital-stpons.com\/wp-content\/uploads\/2020\/08\/Charte-personne-ageee-dependante.pdf\" class=\"wp-block-file__button\" download>T\u00e9l\u00e9charger<\/a><\/div>\n\n\n\n<p><\/p>\n","protected":false},"excerpt":{"rendered":"<p>Les droits de l&rsquo;usager \u00e0 l&rsquo;h\u00f4pital sont pr\u00e9cis\u00e9s dans la Charte de la personne hospitalis\u00e9e qui doit \u00eatre port\u00e9e \u00e0 &hellip; <\/p>\n","protected":false},"author":1,"featured_media":0,"parent":0,"menu_order":0,"comment_status":"closed","ping_status":"closed","template":"","meta":{"footnotes":""},"class_list":["post-687","page","type-page","status-publish","hentry"],"featured_image_src":null,"featured_image_src_square":null,"_links":{"self":[{"href":"https:\/\/www.hopital-stpons.com\/index.php\/wp-json\/wp\/v2\/pages\/687","targetHints":{"allow":["GET"]}}],"collection":[{"href":"https:\/\/www.hopital-stpons.com\/index.php\/wp-json\/wp\/v2\/pages"}],"about":[{"href":"https:\/\/www.hopital-stpons.com\/index.php\/wp-json\/wp\/v2\/types\/page"}],"author":[{"embeddable":true,"href":"https:\/\/www.hopital-stpons.com\/index.php\/wp-json\/wp\/v2\/users\/1"}],"replies":[{"embeddable":true,"href":"https:\/\/www.hopital-stpons.com\/index.php\/wp-json\/wp\/v2\/comments?post=687"}],"version-history":[{"count":3,"href":"https:\/\/www.hopital-stpons.com\/index.php\/wp-json\/wp\/v2\/pages\/687\/revisions"}],"predecessor-version":[{"id":783,"href":"https:\/\/www.hopital-stpons.com\/index.php\/wp-json\/wp\/v2\/pages\/687\/revisions\/783"}],"wp:attachment":[{"href":"https:\/\/www.hopital-stpons.com\/index.php\/wp-json\/wp\/v2\/media?parent=687"}],"curies":[{"name":"wp","href":"https:\/\/api.w.org\/{rel}","templated":true}]}}