{"id":689,"date":"2020-07-23T11:26:41","date_gmt":"2020-07-23T09:26:41","guid":{"rendered":"http:\/\/test.oscour.fr\/?page_id=689"},"modified":"2022-11-20T19:08:22","modified_gmt":"2022-11-20T18:08:22","slug":"personne-de-confiance","status":"publish","type":"page","link":"https:\/\/www.hopital-stpons.com\/index.php\/personne-de-confiance\/","title":{"rendered":"Personne de Confiance"},"content":{"rendered":"\n<p>La personne de confiance a pour mission <strong>d&rsquo;accompagner le patient<\/strong>, dans ses d\u00e9marches, dans ses entretiens m\u00e9dicaux et dans ses d\u00e9cisions. Elle sera consult\u00e9e si le patient est <strong>hors d&rsquo;\u00e9tat d&rsquo;exprimer sa volont\u00e9<\/strong> et de recevoir l&rsquo;information n\u00e9cessaire. Elle n&rsquo;a cependant pas acc\u00e8s au dossier m\u00e9dicale.<\/p>\n\n\n\n<p>La d\u00e9signation d&rsquo;une personne de confiance soit donc \u00eatre <strong>une d\u00e9cision m\u00fbrement r\u00e9fl\u00e9chie<\/strong>. La d\u00e9cision peut \u00eatre<strong> r\u00e9voqu\u00e9e ou modifi\u00e9e \u00e0 tout moment<\/strong> et est valable pour la dur\u00e9e de l&rsquo;hospitalisation.<\/p>\n\n\n\n<p>La personne de confiance doit \u00eatre une personne dont <strong>le lien de confiance avec la patient est ind\u00e9pendant de la relation de soin elle-m\u00eame<\/strong>, autrement dit il doit y avoir <strong>une connaissance pr\u00e9alable v\u00e9ritable avec la personne d\u00e9sign\u00e9e<\/strong>.<\/p>\n\n\n\n<p>Pour enregistrer officiellement la personne de confiance, le patient doit remplir le formulaire de d\u00e9signation ou s&rsquo;il est dans l&rsquo;impossibilit\u00e9 physique d&rsquo;\u00e9crire seul par <strong>deux personnes attestant des volont\u00e9s et directives exprim\u00e9es<\/strong>, puis remis selon \u00e0 l&rsquo;infirmi\u00e8re (EHPAD, UHR, SSR polyvalent) ou \u00e0 la secr\u00e9taire m\u00e9dicale (SSR addictologie).<\/p>\n","protected":false},"excerpt":{"rendered":"<p>La personne de confiance a pour mission d&rsquo;accompagner le patient, dans ses d\u00e9marches, dans ses entretiens m\u00e9dicaux et dans ses &hellip; <\/p>\n","protected":false},"author":1,"featured_media":0,"parent":0,"menu_order":0,"comment_status":"closed","ping_status":"closed","template":"","meta":{"footnotes":""},"class_list":["post-689","page","type-page","status-publish","hentry"],"featured_image_src":null,"featured_image_src_square":null,"_links":{"self":[{"href":"https:\/\/www.hopital-stpons.com\/index.php\/wp-json\/wp\/v2\/pages\/689","targetHints":{"allow":["GET"]}}],"collection":[{"href":"https:\/\/www.hopital-stpons.com\/index.php\/wp-json\/wp\/v2\/pages"}],"about":[{"href":"https:\/\/www.hopital-stpons.com\/index.php\/wp-json\/wp\/v2\/types\/page"}],"author":[{"embeddable":true,"href":"https:\/\/www.hopital-stpons.com\/index.php\/wp-json\/wp\/v2\/users\/1"}],"replies":[{"embeddable":true,"href":"https:\/\/www.hopital-stpons.com\/index.php\/wp-json\/wp\/v2\/comments?post=689"}],"version-history":[{"count":2,"href":"https:\/\/www.hopital-stpons.com\/index.php\/wp-json\/wp\/v2\/pages\/689\/revisions"}],"predecessor-version":[{"id":1205,"href":"https:\/\/www.hopital-stpons.com\/index.php\/wp-json\/wp\/v2\/pages\/689\/revisions\/1205"}],"wp:attachment":[{"href":"https:\/\/www.hopital-stpons.com\/index.php\/wp-json\/wp\/v2\/media?parent=689"}],"curies":[{"name":"wp","href":"https:\/\/api.w.org\/{rel}","templated":true}]}}