{"id":72,"date":"2018-08-02T14:04:24","date_gmt":"2018-08-02T12:04:24","guid":{"rendered":"http:\/\/www.btmsconstruction.fr\/?page_id=72"},"modified":"2025-11-22T22:21:01","modified_gmt":"2025-11-22T21:21:01","slug":"test","status":"publish","type":"page","link":"https:\/\/www.hopital-stpons.com\/","title":{"rendered":"Accueil"},"content":{"rendered":"<p>L\u2019h\u00f4pital de Saint-Pons-de-Thomi\u00e8res est un \u00e9tablissement public de sant\u00e9 dot\u00e9 de l\u2019autonomie juridique et financi\u00e8re. Son directeur, Monsieur Philippe Boudet, en est le repr\u00e9sentant l\u00e9gal. Il\u00a0 assure la gestion de l\u2019\u00e9tablissement et met en \u0153uvre la politique d\u00e9finie par le directoire et le conseil de surveillance.<\/p>\n<p><a href=\"https:\/\/www.hopital-stpons.com\/wp-content\/uploads\/2020\/07\/MGT-MQR-EVAL-02-E-IQSS-2020.pdf\"><strong>La Certification de l\u2019\u00e9tablissement (v2014) niveau A<\/strong><\/a> a \u00e9t\u00e9 valid\u00e9e par la Haute Autorit\u00e9 de Sant\u00e9.<\/p>\n<p>Pr\u00e9sid\u00e9 par Monsieur Josian Cabrol, Pr\u00e9sident de la communaut\u00e9 de communes du Minervois au Caroux, le conseil de surveillance est compos\u00e9 de repr\u00e9sentants de la commune de Saint-Pons et du conseil d\u00e9partemental. Il comprend des repr\u00e9sentants du personnel, des instances repr\u00e9sentatives de l\u2019\u00e9tablissement, des professions m\u00e9dicales et param\u00e9dicales lib\u00e9rales et des usagers.<\/p>\n<p>Les repr\u00e9sentants des usagers sont Mme Vasseur, Mme Maynadier, M. Gautran.<\/p>\n<p><img loading=\"lazy\" decoding=\"async\" title=\"Logo stpons\" src=\"https:\/\/www.hopital-stpons.com\/wp-content\/uploads\/Logo-stpons-400x169.jpg\" alt=\"\" width=\"200\" height=\"84\" \/><\/p>\n\n\n<figure class=\"wp-block-image size-large is-resized\"><img loading=\"lazy\" decoding=\"async\" src=\"https:\/\/www.hopital-stpons.com\/wp-content\/uploads\/2021\/04\/Logo_droits_usagers-291x300-1.png\" alt=\"\" class=\"wp-image-994\" width=\"116\" height=\"120\"\/><\/figure>\n\n\n\n<p class=\"has-vivid-cyan-blue-color has-text-color\"><strong>L\u2019EHPAD a obtenu le Label \u00ab&nbsp;Droits des usagers de la sant\u00e9 2021&nbsp;\u00bb de l\u2019ARS Occitanie pour son projet de soutien interg\u00e9n\u00e9rationnel envers les r\u00e9sidents.<\/strong><\/p>\n\n\n\n<p>La Commission sp\u00e9cialis\u00e9e des Droits des Usagers de la Conf\u00e9rence R\u00e9gionale de la Sant\u00e9 (CRSA) a appr\u00e9ci\u00e9 les partenariats avec des \u00e9tablissements scolaires et universitaires permettant d\u2019ouvrir l\u2019EHPAD sur le monde ext\u00e9rieur dans le contexte de la crise sanitaire COVID.&nbsp; Elle souligne son caract\u00e8re original pour maintenir le droit \u00e0 la vie sociale des r\u00e9sidents ainsi que leurs capacit\u00e9s d\u2019apprentissage.<\/p>\n\n\n\n<p><\/p>\n","protected":false},"excerpt":{"rendered":"<p>L\u2019h\u00f4pital de Saint-Pons-de-Thomi\u00e8res est un \u00e9tablissement public de sant\u00e9 dot\u00e9 de l\u2019autonomie juridique et financi\u00e8re. Son directeur, Monsieur Philippe Boudet, &hellip; <\/p>\n","protected":false},"author":1,"featured_media":0,"parent":0,"menu_order":0,"comment_status":"closed","ping_status":"closed","template":"","meta":{"footnotes":""},"class_list":["post-72","page","type-page","status-publish","hentry"],"featured_image_src":null,"featured_image_src_square":null,"_links":{"self":[{"href":"https:\/\/www.hopital-stpons.com\/index.php\/wp-json\/wp\/v2\/pages\/72","targetHints":{"allow":["GET"]}}],"collection":[{"href":"https:\/\/www.hopital-stpons.com\/index.php\/wp-json\/wp\/v2\/pages"}],"about":[{"href":"https:\/\/www.hopital-stpons.com\/index.php\/wp-json\/wp\/v2\/types\/page"}],"author":[{"embeddable":true,"href":"https:\/\/www.hopital-stpons.com\/index.php\/wp-json\/wp\/v2\/users\/1"}],"replies":[{"embeddable":true,"href":"https:\/\/www.hopital-stpons.com\/index.php\/wp-json\/wp\/v2\/comments?post=72"}],"version-history":[{"count":10,"href":"https:\/\/www.hopital-stpons.com\/index.php\/wp-json\/wp\/v2\/pages\/72\/revisions"}],"predecessor-version":[{"id":1099,"href":"https:\/\/www.hopital-stpons.com\/index.php\/wp-json\/wp\/v2\/pages\/72\/revisions\/1099"}],"wp:attachment":[{"href":"https:\/\/www.hopital-stpons.com\/index.php\/wp-json\/wp\/v2\/media?parent=72"}],"curies":[{"name":"wp","href":"https:\/\/api.w.org\/{rel}","templated":true}]}}