{"id":755,"date":"2020-07-24T09:28:11","date_gmt":"2020-07-24T07:28:11","guid":{"rendered":"http:\/\/test.oscour.fr\/?page_id=755"},"modified":"2020-07-27T09:37:57","modified_gmt":"2020-07-27T07:37:57","slug":"formalites-dadmission-au-ssiad","status":"publish","type":"page","link":"https:\/\/www.hopital-stpons.com\/index.php\/formalites-dadmission-au-ssiad\/","title":{"rendered":"Formalit\u00e9s d&rsquo;admission au SSIAD"},"content":{"rendered":"\n<p>Les \u00e9quipe du Service de Soins Infirmiers A Domicile (SSIAD) interviennent\u00a0<strong>sur prescription m\u00e9dicale<\/strong>.<\/p>\n\n\n\n<p><strong>La prescription des soins et la demande de prise en charge par la s\u00e9curit\u00e9 sociale sont faites par le m\u00e9decin traitant<\/strong>. Avec cette prescription, vous pouvez tout de m\u00eame <strong>contacter vous-m\u00eame le SSIAD<\/strong> de Saint Pons de Thomi\u00e8res <a href=\"https:\/\/www.hopital-stpons.com\/index.php\/nous-contacter\/\">par T\u00e9l\u00e9phone ou par Fax<\/a>.<\/p>\n\n\n\n<p>La demande de prise en charge est envoy\u00e9e \u00e0 votre <strong>caisse d&rsquo;assurance maladie<\/strong>. En cas de non r\u00e9ponse dans un d\u00e9lai de 10 jours, elle est consid\u00e9r\u00e9e comme accept\u00e9e.<\/p>\n\n\n\n<p><strong>En cas d&rsquo;urgence<\/strong>, les soins peuvent d\u00e9buter <strong>avant ce d\u00e9lai<\/strong>.<\/p>\n\n\n\n<p>Une fois votre demande accept\u00e9e par le service, <strong>un infirmer<\/strong> se rendra \u00e0 votre domicile pour d\u00e9cider avec vous du <strong>calendrier des interventions<\/strong>.<\/p>\n\n\n\n<p>Les SSIAD sont autoris\u00e9s \u00e0 intervenir <strong>chez un nombre de personnes limit\u00e9<\/strong>. Il est donc possible que vous soyez mis sur liste d&rsquo;attente jusqu&rsquo;\u00e0 ce qu&rsquo;une place se lib\u00e8re.<\/p>\n","protected":false},"excerpt":{"rendered":"<p>Les \u00e9quipe du Service de Soins Infirmiers A Domicile (SSIAD) interviennent\u00a0sur prescription m\u00e9dicale. La prescription des soins et la demande &hellip; <\/p>\n","protected":false},"author":1,"featured_media":0,"parent":0,"menu_order":0,"comment_status":"closed","ping_status":"closed","template":"","meta":{"footnotes":""},"class_list":["post-755","page","type-page","status-publish","hentry"],"featured_image_src":null,"featured_image_src_square":null,"_links":{"self":[{"href":"https:\/\/www.hopital-stpons.com\/index.php\/wp-json\/wp\/v2\/pages\/755","targetHints":{"allow":["GET"]}}],"collection":[{"href":"https:\/\/www.hopital-stpons.com\/index.php\/wp-json\/wp\/v2\/pages"}],"about":[{"href":"https:\/\/www.hopital-stpons.com\/index.php\/wp-json\/wp\/v2\/types\/page"}],"author":[{"embeddable":true,"href":"https:\/\/www.hopital-stpons.com\/index.php\/wp-json\/wp\/v2\/users\/1"}],"replies":[{"embeddable":true,"href":"https:\/\/www.hopital-stpons.com\/index.php\/wp-json\/wp\/v2\/comments?post=755"}],"version-history":[{"count":2,"href":"https:\/\/www.hopital-stpons.com\/index.php\/wp-json\/wp\/v2\/pages\/755\/revisions"}],"predecessor-version":[{"id":768,"href":"https:\/\/www.hopital-stpons.com\/index.php\/wp-json\/wp\/v2\/pages\/755\/revisions\/768"}],"wp:attachment":[{"href":"https:\/\/www.hopital-stpons.com\/index.php\/wp-json\/wp\/v2\/media?parent=755"}],"curies":[{"name":"wp","href":"https:\/\/api.w.org\/{rel}","templated":true}]}}