{"id":96,"date":"2018-08-08T10:59:38","date_gmt":"2018-08-08T08:59:38","guid":{"rendered":"http:\/\/test.oscour.fr\/?page_id=96"},"modified":"2025-11-21T12:20:00","modified_gmt":"2025-11-21T11:20:00","slug":"presentation","status":"publish","type":"page","link":"https:\/\/www.hopital-stpons.com\/index.php\/presentation\/","title":{"rendered":"Pr\u00e9sentation"},"content":{"rendered":"\n<p>L\u2019h\u00f4pital de Saint-Pons-de-Thomi\u00e8res est un \u00e9tablissement public de sant\u00e9 dot\u00e9 de l\u2019autonomie juridique et financi\u00e8re. Son directeur en est le repr\u00e9sentant l\u00e9gal. Il assure la gestion de l\u2019\u00e9tablissement et met en \u0153uvre la politique d\u00e9finie par le directoire et le conseil de surveillance. Il fait partie du Groupement hospitalier de territoire C\u0153ur d\u2019Occitanie.<\/p>\n\n\n\n<p>Le Groupement Hospitalier de Territoire \u00ab C\u0153ur d\u2019Occitanie \u00bb est compos\u00e9 des sept \u00e9tablissements membres suivants :<\/p>\n\n\n\n<ul class=\"wp-block-list\">\n<li>Le Centre Hospitalier d\u2019Albi (CHA)<\/li>\n\n\n\n<li>Le Centre Hospitalier Intercommunal de Castres-Mazamet (CHIC-CM)<\/li>\n\n\n\n<li>Le Centre Hospitalier de Saint Pons-de-Thomi\u00e8res<\/li>\n\n\n\n<li>Le Centre Hospitalier de Gaillac (en direction commune avec le CHA)<\/li>\n\n\n\n<li>Le Centre Hospitalier de Graulhet (en direction commune avec le CHA)<\/li>\n\n\n\n<li>Le Centre Hospitalier de Revel (en direction commune avec le CHIC-CM)<\/li>\n\n\n\n<li>L\u2019EHPAD de Rabastens (en direction commune avec le CHA)<\/li>\n\n\n\n<li>La gouvernance du GHT est assur\u00e9e en alternance par le CHIC-CM et le CHA.<\/li>\n<\/ul>\n\n\n\n<p>Le territoire du GHT \u00ab C\u0153ur d\u2019Occitanie \u00bb dessert une population de 330 000 habitants.<\/p>\n\n\n<div class=\"wp-block-image\">\n<figure class=\"aligncenter size-large is-resized\"><img loading=\"lazy\" decoding=\"async\" width=\"891\" height=\"280\" src=\"https:\/\/www.hopital-stpons.com\/wp-content\/uploads\/2020\/07\/certif-2.png\" alt=\"\" class=\"wp-image-673\" style=\"width:500px\" srcset=\"https:\/\/www.hopital-stpons.com\/wp-content\/uploads\/2020\/07\/certif-2.png 891w, https:\/\/www.hopital-stpons.com\/wp-content\/uploads\/2020\/07\/certif-2-300x94.png 300w, https:\/\/www.hopital-stpons.com\/wp-content\/uploads\/2020\/07\/certif-2-768x241.png 768w\" sizes=\"auto, (max-width: 891px) 100vw, 891px\" \/><\/figure>\n<\/div>\n\n<div class=\"wp-block-image\">\n<figure class=\"aligncenter size-full\"><img loading=\"lazy\" decoding=\"async\" width=\"920\" height=\"574\" src=\"https:\/\/www.hopital-stpons.com\/wp-content\/uploads\/2021\/09\/indicateur_qualite.png\" alt=\"\" class=\"wp-image-1096\" srcset=\"https:\/\/www.hopital-stpons.com\/wp-content\/uploads\/2021\/09\/indicateur_qualite.png 920w, https:\/\/www.hopital-stpons.com\/wp-content\/uploads\/2021\/09\/indicateur_qualite-300x187.png 300w, https:\/\/www.hopital-stpons.com\/wp-content\/uploads\/2021\/09\/indicateur_qualite-768x479.png 768w\" sizes=\"auto, (max-width: 920px) 100vw, 920px\" \/><\/figure>\n<\/div>\n\n\n<p>Pr\u00e9sid\u00e9 par Monsieur Josian Cabrol, Pr\u00e9sident de la <a href=\"https:\/\/www.cc-minervois-caroux.fr\/\" target=\"_blank\" rel=\"noopener noreferrer\">communaut\u00e9 de communes du <\/a>Minervois au Caroux, le conseil de surveillance est compos\u00e9 de repr\u00e9sentants de la commune de Saint-Pons&nbsp; et du <a href=\"http:\/\/www.herault.fr\/\" target=\"_blank\" rel=\"noopener noreferrer\">Conseil d\u00e9partemental<\/a>.<\/p>\n\n\n\n<p>Il comprend des repr\u00e9sentants du personnel, des instances repr\u00e9sentatives de l\u2019\u00e9tablissement, des professions m\u00e9dicales et param\u00e9dicales lib\u00e9rales et des usagers.<\/p>\n\n\n\n<p>Les repr\u00e9sentants des usagers sont Mme Vasseur, Mme Maynadier, M. Gautran.<\/p>\n\n\n\n<p class=\"has-vivid-cyan-blue-color has-text-color\">L\u2019EHPAD a obtenu le Label \u00ab&nbsp;Droits des usagers de la sant\u00e9 2021&nbsp;\u00bb de l\u2019ARS Occitanie pour son projet de soutien interg\u00e9n\u00e9rationnel envers les r\u00e9sidents.<\/p>\n\n\n\n<figure class=\"wp-block-image size-large is-resized\"><a href=\"https:\/\/www.hopital-stpons.com\/index.php\/2021\/02\/02\/projet-intergenerationnel\/\"><img loading=\"lazy\" decoding=\"async\" width=\"291\" height=\"300\" src=\"https:\/\/www.hopital-stpons.com\/wp-content\/uploads\/2021\/04\/Logo_droits_usagers-291x300-1.png\" alt=\"\" class=\"wp-image-994\" style=\"width:142px;height:146px\"\/><\/a><figcaption class=\"wp-element-caption\"><a href=\"https:\/\/www.hopital-stpons.com\/index.php\/covid-19\/\" data-type=\"page\" data-id=\"978\">Projet interg\u00e9n\u00e9rationnel<\/a><\/figcaption><\/figure>\n\n\n\n<p>La Commission sp\u00e9cialis\u00e9e des Droits des Usagers de la Conf\u00e9rence R\u00e9gionale de la Sant\u00e9 (CRSA) a appr\u00e9ci\u00e9 les partenariats avec des \u00e9tablissements scolaires et universitaires permettant d\u2019ouvrir l\u2019EHPAD sur le monde ext\u00e9rieur dans le contexte de la crise sanitaire COVID.&nbsp; Elle souligne son caract\u00e8re original pour maintenir le droit \u00e0 la vie sociale des r\u00e9sidents ainsi que leurs capacit\u00e9s d\u2019apprentissage.<\/p>\n\n\n\n<p><\/p>\n\n\n<div class=\"wp-block-image\">\n<figure class=\"aligncenter size-large\"><img loading=\"lazy\" decoding=\"async\" width=\"400\" height=\"169\" src=\"https:\/\/www.hopital-stpons.com\/wp-content\/uploads\/2018\/08\/Logo-stpons-400x169.jpg\" alt=\"\" class=\"wp-image-25\" srcset=\"https:\/\/www.hopital-stpons.com\/wp-content\/uploads\/2018\/08\/Logo-stpons-400x169.jpg 400w, https:\/\/www.hopital-stpons.com\/wp-content\/uploads\/2018\/08\/Logo-stpons-400x169-300x127.jpg 300w\" sizes=\"auto, (max-width: 400px) 100vw, 400px\" \/><\/figure>\n<\/div>","protected":false},"excerpt":{"rendered":"<p>L\u2019h\u00f4pital de Saint-Pons-de-Thomi\u00e8res est un \u00e9tablissement public de sant\u00e9 dot\u00e9 de l\u2019autonomie juridique et financi\u00e8re. Son directeur en est le &hellip; <\/p>\n","protected":false},"author":1,"featured_media":1874,"parent":0,"menu_order":0,"comment_status":"closed","ping_status":"closed","template":"","meta":{"footnotes":""},"class_list":["post-96","page","type-page","status-publish","has-post-thumbnail","hentry"],"featured_image_src":"https:\/\/www.hopital-stpons.com\/wp-content\/uploads\/2025\/11\/HDC_2908-600x400.jpg","featured_image_src_square":"https:\/\/www.hopital-stpons.com\/wp-content\/uploads\/2025\/11\/HDC_2908-600x600.jpg","_links":{"self":[{"href":"https:\/\/www.hopital-stpons.com\/index.php\/wp-json\/wp\/v2\/pages\/96","targetHints":{"allow":["GET"]}}],"collection":[{"href":"https:\/\/www.hopital-stpons.com\/index.php\/wp-json\/wp\/v2\/pages"}],"about":[{"href":"https:\/\/www.hopital-stpons.com\/index.php\/wp-json\/wp\/v2\/types\/page"}],"author":[{"embeddable":true,"href":"https:\/\/www.hopital-stpons.com\/index.php\/wp-json\/wp\/v2\/users\/1"}],"replies":[{"embeddable":true,"href":"https:\/\/www.hopital-stpons.com\/index.php\/wp-json\/wp\/v2\/comments?post=96"}],"version-history":[{"count":15,"href":"https:\/\/www.hopital-stpons.com\/index.php\/wp-json\/wp\/v2\/pages\/96\/revisions"}],"predecessor-version":[{"id":2020,"href":"https:\/\/www.hopital-stpons.com\/index.php\/wp-json\/wp\/v2\/pages\/96\/revisions\/2020"}],"wp:featuredmedia":[{"embeddable":true,"href":"https:\/\/www.hopital-stpons.com\/index.php\/wp-json\/wp\/v2\/media\/1874"}],"wp:attachment":[{"href":"https:\/\/www.hopital-stpons.com\/index.php\/wp-json\/wp\/v2\/media?parent=96"}],"curies":[{"name":"wp","href":"https:\/\/api.w.org\/{rel}","templated":true}]}}