{"id":98,"date":"2018-08-08T11:01:55","date_gmt":"2018-08-08T09:01:55","guid":{"rendered":"http:\/\/test.oscour.fr\/?page_id=98"},"modified":"2025-11-23T00:44:47","modified_gmt":"2025-11-22T23:44:47","slug":"historique","status":"publish","type":"page","link":"https:\/\/www.hopital-stpons.com\/index.php\/historique\/","title":{"rendered":"Historique"},"content":{"rendered":"<h1>Un peu d\u2019histoire<\/h1>\n<div>\n<h4>LES H\u00d4PITAUX AU MOYEN-AGE<\/h4>\n<p>Au moyen-\u00e2ge, les h\u00f4pitaux \u00e9taient le lieu par excellence des \u0153uvres de mis\u00e9ricorde.\u00a0Assist\u00e9 et bienfaiteur se situent dans une perspective de salut plut\u00f4t que de soin.<\/p>\n<p>La date pr\u00e9cise de fondation de l\u2019h\u00f4pital de Saint-Pons est inconnue, mais il existe d\u00e9j\u00e0 au XIIIe si\u00e8cle.<\/p>\n<p>Son administration rel\u00e8ve de religieux, puis est confi\u00e9e, au XIVe si\u00e8cle \u00e0 des la\u00efcs. Les hospitaliers qui se succ\u00e8dent \u00e0 sa t\u00eate, choisis par le bureau de l\u2019hospice, sont de valeur in\u00e9gale.<\/p>\n<p>Pour autant, cela n\u2019emp\u00eache pas la population d\u2019\u00eatre g\u00e9n\u00e9reuse envers l\u2019hospice, et de le faire b\u00e9n\u00e9ficier de larges aum\u00f4nes et de riches legs.<\/p>\n<h4>LES H\u00d4PITAUX A L\u2019AGE CLASSIQUE<\/h4>\n<p>Il r\u00e8gne dans les h\u00f4pitaux sous l\u2019ancien r\u00e9gime une atmosph\u00e8re d\u2019ordre moral. L\u2019arriv\u00e9e des religieuses assure dans les \u00e9tablissements hospitaliers le s\u00e9rieux et la r\u00e9gularit\u00e9 des soins. A ce titre, elles pr\u00e9parent certainement la voie \u00e0 la m\u00e9dicalisation.<\/p>\n<p>Un des \u00e9v\u00e8nements majeurs dans l\u2019histoire de Saint-Pons et de son h\u00f4pital est l\u2019\u00e9piscopat de Fran\u00e7ois de Montgaillard , disciple de Saint-Vincent-de-Paul, et qui met en pratique dans son dioc\u00e8se les id\u00e9es g\u00e9n\u00e9reuses de charit\u00e9 et de d\u00e9vouement de son ma\u00eetre. Il r\u00e9forme l\u2019administration de l\u2019h\u00f4pital\u00a0; en 1694, le bureau de l\u2019hospice fait appel aux religieuses de Saint-Vincent-de-Paul pour assurer le service des malades.<\/p>\n<p>C\u2019est alors, jusqu\u2019\u00e0 la r\u00e9volution, une p\u00e9riode de sage administration qui s\u2019ouvre.<\/p>\n<h4>LA R\u00c9VOLUTION<\/h4>\n<p>1789 et les ann\u00e9es qui suivent constituent une immense p\u00e9riode de troubles et de d\u00e9cadence pour les institutions charitables, \u00e0 tel point que l\u2019\u00e9tablissement n\u2019a plus les moyens suffisant \u00e0 l\u2019accueil des pauvres malades.<\/p>\n<p>Le Consulat et l\u2019institution en l\u2019an VIII des octrois municipaux r\u00e9tablissent la situation de l\u2019\u00e9tablissement.<\/p>\n<p>Ainsi, dans les ann\u00e9es 1830, le nombre de malades admis est annuellement de 230 \u00e0 260,\u00a0pour une capacit\u00e9 de 36 lits.<\/p>\n<p>Le personnel comprend 7 s\u0153urs de charit\u00e9, 2 m\u00e9decins, un aum\u00f4nier, un secr\u00e9taire, un receveur, un infirmier, une infirmi\u00e8re et une servante\u00a0; les salaires vont de 84 \u00e0 200 francs (par an). Les revenus de l\u2019h\u00f4pital s\u2019\u00e9l\u00e8vent alors \u00e0 7500 francs.<\/p>\n<h4>L\u2019H\u00d4PITAL A LA RUE DU BARRY<\/h4>\n<p>Durant toute la p\u00e9riode allant du quinzi\u00e8me si\u00e8cle \u00e0 la fin des ann\u00e9es 1970, l\u2019h\u00f4pital se situe dans la rue du Barry.<\/p>\n<div class=\"wp-block-image\"><img loading=\"lazy\" decoding=\"async\" class=\"wpa-warning wpa-image-missing-alt aligncenter size-full wp-image-2048\" src=\"https:\/\/www.hopital-stpons.com\/wp-content\/uploads\/2025\/11\/hopital_barry2.png\" alt=\"\" width=\"1075\" height=\"503\" data-warning=\"Missing alt text\" srcset=\"https:\/\/www.hopital-stpons.com\/wp-content\/uploads\/2025\/11\/hopital_barry2.png 1075w, https:\/\/www.hopital-stpons.com\/wp-content\/uploads\/2025\/11\/hopital_barry2-300x140.png 300w, https:\/\/www.hopital-stpons.com\/wp-content\/uploads\/2025\/11\/hopital_barry2-1024x479.png 1024w, https:\/\/www.hopital-stpons.com\/wp-content\/uploads\/2025\/11\/hopital_barry2-768x359.png 768w\" sizes=\"auto, (max-width: 1075px) 100vw, 1075px\" \/><\/div>\n<div class=\"wp-block-image\">\n<div class=\"wp-block-image\">\n<figure id=\"attachment_2043\" aria-describedby=\"caption-attachment-2043\" style=\"width: 463px\" class=\"wp-caption aligncenter\"><img loading=\"lazy\" decoding=\"async\" class=\"wpa-warning wpa-image-missing-alt wp-image-2043 size-full\" src=\"https:\/\/www.hopital-stpons.com\/wp-content\/uploads\/2025\/11\/hopital_barry.jpg\" alt=\"\" width=\"463\" height=\"344\" data-warning=\"Missing alt text\" srcset=\"https:\/\/www.hopital-stpons.com\/wp-content\/uploads\/2025\/11\/hopital_barry.jpg 463w, https:\/\/www.hopital-stpons.com\/wp-content\/uploads\/2025\/11\/hopital_barry-300x223.jpg 300w\" sizes=\"auto, (max-width: 463px) 100vw, 463px\" \/><figcaption id=\"caption-attachment-2043\" class=\"wp-caption-text\">Aujourd&rsquo;hui d\u00e9saffect\u00e9, le b\u00e2timent de l&rsquo;h\u00f4pital est devenu la maison des loisirs.<\/figcaption><\/figure>\n<h4>L\u2019H\u00d4PITAL QUARTIER FRESCATIS<\/h4>\n<\/div>\n<\/div>\n<p>A la fin des ann\u00e9es 1970, l\u2019h\u00f4pital s\u2019installe dans le quartier Frescatis, dans des b\u00e2timents modernes et adapt\u00e9s \u00e0 ses fonctions ; une maison de retraite est construite sur le m\u00eame site.<\/p>\n<\/div>\n<div>\n<div class=\"wp-block-image\"><img loading=\"lazy\" decoding=\"async\" class=\"wpa-warning wpa-image-missing-alt aligncenter size-full wp-image-47\" src=\"https:\/\/www.hopital-stpons.com\/wp-content\/uploads\/2018\/08\/hopital5.jpg\" alt=\"\" width=\"800\" height=\"532\" data-warning=\"Missing alt text\" srcset=\"https:\/\/www.hopital-stpons.com\/wp-content\/uploads\/2018\/08\/hopital5.jpg 800w, https:\/\/www.hopital-stpons.com\/wp-content\/uploads\/2018\/08\/hopital5-300x200.jpg 300w, https:\/\/www.hopital-stpons.com\/wp-content\/uploads\/2018\/08\/hopital5-768x511.jpg 768w\" sizes=\"auto, (max-width: 800px) 100vw, 800px\" \/><\/div>\n<p>Par la suite, un service de soins infirmiers \u00e0 domicile de 25 places est cr\u00e9\u00e9.<\/p>\n<p>En 1986, le centre d\u2019asthmologie du Somail, ancien a\u00e9rium de Bessi\u00e8res, est rattach\u00e9 \u00e0 l\u2019\u00e9tablissement. En 1995, cette unit\u00e9 est ferm\u00e9e. Mais les cr\u00e9dits de fonctionnement sont conserv\u00e9s par l\u2019h\u00f4pital, ce qui permet de cr\u00e9er en 1999 une nouvelle entit\u00e9, en liaison fonctionnelle avec le Centre Hospitalier de B\u00e9ziers, le Centre Sp\u00e9cialis\u00e9 du Haut-Languedoc, destin\u00e9e \u00e0 accueillir des patients malades d\u2019alcool en post cure.<\/p>\n<p>En novembre 2000, l\u2019h\u00f4pital devient propri\u00e9taire de la maison de retraite \u00ab\u00a0La Ch\u00e2taigneraie\u00a0\u00bb \u00e0 Olargues.<\/p>\n<h4>MODERNISATION (TRAVAUX DE 2017)<\/h4>\n<p data-start=\"152\" data-end=\"681\">En avril 2017, d&rsquo;importants travaux ont \u00e9t\u00e9 lanc\u00e9s au centre hospitalier, marquant le d\u00e9but d\u2019une transformation majeure de l\u2019\u00e9tablissement, qui n\u2019avait pas \u00e9t\u00e9 r\u00e9nov\u00e9 depuis sa cr\u00e9ation \u00e0 la fin des ann\u00e9es 1970. Con\u00e7us pour durer 36 mois, ces travaux avaient pour objectifs de mettre l\u2019h\u00f4pital aux normes de s\u00e9curit\u00e9 actuelles, de proposer exclusivement des chambres individuelles et d\u2019accro\u00eetre la capacit\u00e9 d\u2019accueil d\u2019une trentaine de lits afin de recevoir les r\u00e9sidents de l\u2019EPHAD d\u2019Olargues, qui a depuis ferm\u00e9 ses portes.<\/p>\n<div class=\"wp-block-image\"><img loading=\"lazy\" decoding=\"async\" class=\"wpa-warning wpa-image-missing-alt aligncenter wp-image-2037 size-full\" src=\"https:\/\/www.hopital-stpons.com\/wp-content\/uploads\/2025\/11\/Sans-titre.jpg\" alt=\"\" width=\"419\" height=\"357\" data-warning=\"Missing alt text\" srcset=\"https:\/\/www.hopital-stpons.com\/wp-content\/uploads\/2025\/11\/Sans-titre.jpg 419w, https:\/\/www.hopital-stpons.com\/wp-content\/uploads\/2025\/11\/Sans-titre-300x256.jpg 300w\" sizes=\"auto, (max-width: 419px) 100vw, 419px\" \/><\/div>\n<p data-start=\"683\" data-end=\"1201\">Le chantier, complexe car men\u00e9 sur un b\u00e2timent encore occup\u00e9, a combin\u00e9 d\u00e9molitions et constructions. La cr\u00e9ation d\u2019un b\u00e2timent-pont reliant l\u2019ancien h\u00f4pital \u00e0 la maison de retraite a permis de poursuivre la r\u00e9novation des anciens locaux tout en limitant les nuisances pour les patients et le personnel. Un patio central a \u00e9t\u00e9 am\u00e9nag\u00e9 et la circulation int\u00e9rieure repens\u00e9e pour am\u00e9liorer le fonctionnement de l\u2019\u00e9tablissement. Les zones contenant de l\u2019amiante ont \u00e9t\u00e9 s\u00e9curis\u00e9es et trait\u00e9es selon les normes strictes.<\/p>\n<figure id=\"attachment_2031\" aria-describedby=\"caption-attachment-2031\" style=\"width: 250px\" class=\"wp-caption aligncenter\"><img loading=\"lazy\" decoding=\"async\" class=\"wp-image-2031\" src=\"https:\/\/www.hopital-stpons.com\/wp-content\/uploads\/2025\/11\/avant_travaux-150x150.jpg\" alt=\"Avant les travaux\" width=\"250\" height=\"250\" srcset=\"https:\/\/www.hopital-stpons.com\/wp-content\/uploads\/2025\/11\/avant_travaux-150x150.jpg 150w, https:\/\/www.hopital-stpons.com\/wp-content\/uploads\/2025\/11\/avant_travaux-70x70.jpg 70w, https:\/\/www.hopital-stpons.com\/wp-content\/uploads\/2025\/11\/avant_travaux-246x246.jpg 246w, https:\/\/www.hopital-stpons.com\/wp-content\/uploads\/2025\/11\/avant_travaux-276x276.jpg 276w, https:\/\/www.hopital-stpons.com\/wp-content\/uploads\/2025\/11\/avant_travaux-125x125.jpg 125w\" sizes=\"auto, (max-width: 250px) 100vw, 250px\" \/><figcaption id=\"caption-attachment-2031\" class=\"wp-caption-text\">Avant les travaux<\/figcaption><\/figure>\n<figure id=\"attachment_2030\" aria-describedby=\"caption-attachment-2030\" style=\"width: 250px\" class=\"wp-caption aligncenter\"><img loading=\"lazy\" decoding=\"async\" class=\"wp-image-2030\" src=\"https:\/\/www.hopital-stpons.com\/wp-content\/uploads\/2025\/11\/apres_travaux-150x150.jpg\" alt=\"Apr\u00e8s les travaux\" width=\"250\" height=\"250\" srcset=\"https:\/\/www.hopital-stpons.com\/wp-content\/uploads\/2025\/11\/apres_travaux-150x150.jpg 150w, https:\/\/www.hopital-stpons.com\/wp-content\/uploads\/2025\/11\/apres_travaux-70x70.jpg 70w, https:\/\/www.hopital-stpons.com\/wp-content\/uploads\/2025\/11\/apres_travaux-246x246.jpg 246w, https:\/\/www.hopital-stpons.com\/wp-content\/uploads\/2025\/11\/apres_travaux-276x276.jpg 276w, https:\/\/www.hopital-stpons.com\/wp-content\/uploads\/2025\/11\/apres_travaux-125x125.jpg 125w\" sizes=\"auto, (max-width: 250px) 100vw, 250px\" \/><figcaption id=\"caption-attachment-2030\" class=\"wp-caption-text\">Apr\u00e8s les travaux<\/figcaption><\/figure>\n<div class=\"wp-block-image\"><\/div>\n<p class=\"wp-block-image\">L\u2019impact environnemental a \u00e9galement \u00e9t\u00e9 un point central du projet. Le ruisseau de Portes a \u00e9t\u00e9 r\u00e9am\u00e9nag\u00e9 pour recr\u00e9er son lit naturel et g\u00e9rer efficacement les eaux de pluie. Les fa\u00e7ades ont \u00e9t\u00e9 con\u00e7ues avec des gabions remplis de gravier de marbre, de l\u2019acier Korten et du verre, tandis que certains toits ont \u00e9t\u00e9 v\u00e9g\u00e9talis\u00e9s. Les espaces ext\u00e9rieurs offrent d\u00e9sormais un cadre naturel et agr\u00e9able aux r\u00e9sidents, avec prairies fleuries, bassins s\u00e9curis\u00e9s, nichoirs pour oiseaux et chauves-souris, et diverses animations en lien avec la nature, r\u00e9alis\u00e9es en partenariat avec le Parc naturel r\u00e9gional et le Centre permanent d\u2019initiatives pour l\u2019environnement du Haut-Languedoc.<\/p>\n<div class=\"wp-block-image\">\n<div class=\"wp-block-image\"><img loading=\"lazy\" decoding=\"async\" class=\"wpa-warning wpa-image-missing-alt aligncenter wp-image-2040 size-full\" src=\"https:\/\/www.hopital-stpons.com\/wp-content\/uploads\/2025\/11\/HDC_2978crop.jpg\" alt=\"\" width=\"1049\" height=\"341\" data-warning=\"Missing alt text\" srcset=\"https:\/\/www.hopital-stpons.com\/wp-content\/uploads\/2025\/11\/HDC_2978crop.jpg 1049w, https:\/\/www.hopital-stpons.com\/wp-content\/uploads\/2025\/11\/HDC_2978crop-300x98.jpg 300w, https:\/\/www.hopital-stpons.com\/wp-content\/uploads\/2025\/11\/HDC_2978crop-1024x333.jpg 1024w, https:\/\/www.hopital-stpons.com\/wp-content\/uploads\/2025\/11\/HDC_2978crop-768x250.jpg 768w\" sizes=\"auto, (max-width: 1049px) 100vw, 1049px\" \/><\/div>\n<\/div>\n<p data-start=\"1923\" data-end=\"2380\">Depuis la fin des travaux, les r\u00e9sidents de l\u2019EPHAD d\u2019Olargues ont \u00e9t\u00e9 accueillis dans le centre hospitalier r\u00e9nov\u00e9, qui offre d\u00e9sormais un cadre moderne, s\u00fbr et convivial. Le projet, financ\u00e9 par l\u2019\u00c9tat, le Conseil d\u00e9partemental, la CNSA, des emprunts et l\u2019auto-financement de l\u2019h\u00f4pital, a repr\u00e9sent\u00e9 un investissement total de <strong data-start=\"2251\" data-end=\"2276\">14,6 millions d\u2019euros<\/strong>, transformant profond\u00e9ment le site tant sur le plan architectural que fonctionnel et environnemental.<\/p>\n<hr data-start=\"2382\" data-end=\"2385\" \/>\n<\/div>\n","protected":false},"excerpt":{"rendered":"<p>Un peu d\u2019histoire LES H\u00d4PITAUX AU MOYEN-AGE Au moyen-\u00e2ge, les h\u00f4pitaux \u00e9taient le lieu par excellence des \u0153uvres de mis\u00e9ricorde.\u00a0Assist\u00e9 &hellip; <\/p>\n","protected":false},"author":1,"featured_media":0,"parent":0,"menu_order":0,"comment_status":"closed","ping_status":"closed","template":"","meta":{"footnotes":""},"class_list":["post-98","page","type-page","status-publish","hentry"],"featured_image_src":null,"featured_image_src_square":null,"_links":{"self":[{"href":"https:\/\/www.hopital-stpons.com\/index.php\/wp-json\/wp\/v2\/pages\/98","targetHints":{"allow":["GET"]}}],"collection":[{"href":"https:\/\/www.hopital-stpons.com\/index.php\/wp-json\/wp\/v2\/pages"}],"about":[{"href":"https:\/\/www.hopital-stpons.com\/index.php\/wp-json\/wp\/v2\/types\/page"}],"author":[{"embeddable":true,"href":"https:\/\/www.hopital-stpons.com\/index.php\/wp-json\/wp\/v2\/users\/1"}],"replies":[{"embeddable":true,"href":"https:\/\/www.hopital-stpons.com\/index.php\/wp-json\/wp\/v2\/comments?post=98"}],"version-history":[{"count":20,"href":"https:\/\/www.hopital-stpons.com\/index.php\/wp-json\/wp\/v2\/pages\/98\/revisions"}],"predecessor-version":[{"id":2068,"href":"https:\/\/www.hopital-stpons.com\/index.php\/wp-json\/wp\/v2\/pages\/98\/revisions\/2068"}],"wp:attachment":[{"href":"https:\/\/www.hopital-stpons.com\/index.php\/wp-json\/wp\/v2\/media?parent=98"}],"curies":[{"name":"wp","href":"https:\/\/api.w.org\/{rel}","templated":true}]}}